{"id":117,"date":"2016-03-22T14:07:13","date_gmt":"2016-03-22T13:07:13","guid":{"rendered":"http:\/\/www.ivans-dive-team.de\/de\/?page_id=117"},"modified":"2026-04-11T11:53:12","modified_gmt":"2026-04-11T09:53:12","slug":"tauchreisen","status":"publish","type":"page","link":"https:\/\/www.ivans-dive-team.de\/de\/tauchreisen\/","title":{"rendered":"Tauchreisen"},"content":{"rendered":"[vc_row][vc_column][vc_column_text]\n<h1 style=\"text-align: center;\">Gruppenreisen<\/h1>\n[\/vc_column_text][\/vc_column][\/vc_row][vc_row][vc_column][vc_empty_space][\/vc_column][\/vc_row][vc_row][vc_column width=&#8220;1\/6&#8243;][\/vc_column][vc_column width=&#8220;2\/3&#8243;][vc_column_text]\n<p style=\"text-align: center;\">Bereits seit Mitte der 80er Jahre organisieren und begleiten wir Tauchgruppenreisen zu den faszinierendsten Tauchrevieren weltweit. Dank dieser langj\u00e4hrigen Erfahrung und pers\u00f6nlichen Kontakte gestalten wir jeden Tag Deiner Reise zu einem besonderen Erlebnis. Unser Wissen \u00fcber weltweite Tauchziele w\u00e4chst dabei kontinuierlich \u2013 durch eigene Erkundungen und wertvolle R\u00fcckmeldungen unserer G\u00e4ste. So erm\u00f6glichen wir oft auch individuelle W\u00fcnsche, die f\u00fcr Einzelreisende schwer umsetzbar w\u00e4ren.<br \/>\nUnsere bisherigen Touren f\u00fchrten uns zu spannenden Spots im Mittelmeer und Roten Meer, der Karibik sowie in den atlantischen, indischen und pazifischen Ozeanen \u2013 stets im Fokus rare Besonderheiten, die nicht jeder unbedingt kennt.<\/p>\n[\/vc_column_text][\/vc_column][vc_column width=&#8220;1\/6&#8243;][\/vc_column][\/vc_row][vc_row][vc_column width=&#8220;1\/6&#8243;][vc_column_text]\n[\/vc_column_text][\/vc_column][vc_column width=&#8220;3\/6&#8243;][vc_column_text]\n<p style=\"text-align: center;\">Dabei haben wir immer in viele strahlende Gesichter geblickt:<br \/>\numgeben von tanzenden Mantas in Ozeanien, beim Schnorcheln im Roten Meer mit T\u00fcmmlern, inmitten gro\u00dfer Hammerhaischulen vor Cocos Island<br \/>\noder auf den Spuren Indiana Jones an einer alten Mayast\u00e4tte tief im Dschungel von Mexiko oder Honduras.<\/p>\n<p style=\"text-align: center;\">Schau Dir die Bilder einiger ausgew\u00e4hlten Touren <a href=\"https:\/\/www.ivans-dive-team.de\/de\/galerien\/\">hier<\/a> an<br \/>\noder folge uns bei <a href=\"https:\/\/www.instagram.com\/ivans_dive_team\/\" target=\"_blank\" rel=\"noopener\">Instagram<\/a> &amp; <a href=\"https:\/\/www.facebook.com\/ivansdiveteam\/?locale=de_DE\" target=\"_blank\" rel=\"noopener\">Facebook<\/a>.<br \/>\nNoch besser: mache Dir selbst ein Bild und begleite uns auf einer unserer n\u00e4chsten Touren.<\/p>\n[\/vc_column_text][\/vc_column][vc_column width=&#8220;1\/6&#8243;][vc_images_carousel images=&#8220;4703,5044,5317,2832&#8243; img_size=&#8220;medium&#8220; speed=&#8220;2500&#8243; autoplay=&#8220;yes&#8220; wrap=&#8220;yes&#8220;][\/vc_column][vc_column width=&#8220;1\/6&#8243;][\/vc_column][\/vc_row][vc_row][vc_column width=&#8220;1\/6&#8243;][\/vc_column][vc_column width=&#8220;2\/3&#8243;][vc_separator color=&#8220;violet&#8220;][\/vc_column][vc_column width=&#8220;1\/6&#8243;][\/vc_column][\/vc_row][vc_row][vc_column width=&#8220;1\/6&#8243;][vc_column_text]\n[\/vc_column_text][\/vc_column][vc_column width=&#8220;1\/3&#8243;][vc_single_image image=&#8220;2914&#8243; img_size=&#8220;140&#215;70&#8243; onclick=&#8220;custom_link&#8220; img_link_target=&#8220;_blank&#8220; link=&#8220;https:\/\/customer.aqua-med.eu\/customers\/contacts\/registerform\/step1?VP=VP2002181&amp;homepageUrl=http%3A%2F%2Fwww.aqua-med.eu&amp;mhwPageUrl=http%3A%2F%2Fwww.medical-helpline.com&amp;contactUrlPostfix=kontakt&amp;companyInformationUrlPostfix=impressum%2F&amp;privacyPolicyUrlPostfix=datenschutz%2F&amp;padi=http%3A%2F%2Fwww.padi.com&amp;IAC=http%3A%2F%2Fwww.diveiac.de&#8220;][vc_single_image image=&#8220;5363&#8243; img_size=&#8220;130&#215;50&#8243; onclick=&#8220;custom_link&#8220; img_link_target=&#8220;_blank&#8220; link=&#8220;https:\/\/app.diveassure.com\/da2\/en\/registration\/main\/process\/0\/int\/0\/5703#&#8220;][\/vc_column][vc_column width=&#8220;1\/3&#8243;][vc_column_text]Sicherheit geh\u00f6rt zu jeder Tauchreise dazu \u2013 deshalb empfehlen wir Dir den Abschluss einer speziellen Tauchversicherung. Mit Anbietern wie <a href=\"https:\/\/app.diveassure.com\/da2\/en\/registration\/main\/process\/0\/int\/0\/5703#\" target=\"_blank\" rel=\"noopener\">DiveAssure <\/a>und <a href=\"https:\/\/customer.aqua-med.eu\/customers\/contacts\/registerform\/step1?VP=VP2002181&amp;homepageUrl=http%3A%2F%2Fwww.aqua-med.eu&amp;mhwPageUrl=http%3A%2F%2Fwww.medical-helpline.com&amp;contactUrlPostfix=kontakt&amp;companyInformationUrlPostfix=impressum%2F&amp;privacyPolicyUrlPostfix=datenschutz%2F&amp;padi=http%3A%2F%2Fwww.padi.com&amp;IAC=http%3A%2F%2Fwww.diveiac.de\" target=\"_blank\" rel=\"noopener\">AquaMed<\/a> bist Du weltweit bestens abgesichert, sei es bei medizinischen Notf\u00e4llen, Tauchunf\u00e4llen oder notwendigen R\u00fccktransporten. Beide Partner bieten flexible Tarife, die sich ideal an Deine Reisepl\u00e4ne anpassen lassen. So kannst Du Deinen Tauchurlaub unbeschwert genie\u00dfen und wei\u00dft im Ernstfall, dass professionelle Hilfe gew\u00e4hrleistet und organisiert ist.[\/vc_column_text][vc_column_text]\n[\/vc_column_text][\/vc_column][vc_column width=&#8220;1\/6&#8243;][vc_column_text]\n[\/vc_column_text][\/vc_column][\/vc_row][vc_row full_width=&#8220;stretch_row_content&#8220; awb_type=&#8220;image&#8220; awb_image_background_position=&#8220;50% 50%&#8220; awb_parallax=&#8220;scroll&#8220; awb_parallax_speed=&#8220;0.5&#8243; dt_id=&#8220;reiseausschreibungen&#8220; dt_bg_repeat=&#8220;repeat-y&#8220; dt_text_scheme=&#8220;lighter-overlay&#8220; dt_row_type=&#8220;fullwidth&#8220; awb_image=&#8220;4451&#8243;][vc_column][vc_column_text]\n<p>&nbsp;<\/p>\n<p>&nbsp;<\/p>\n<p>&nbsp;<\/p>\n<p>&nbsp;<\/p>\n<p>&nbsp;<\/p>\n<p>&nbsp;<\/p>\n[\/vc_column_text][vc_empty_space][\/vc_column][\/vc_row][vc_row][vc_column][vc_empty_space height=&#8220;64px&#8220;][\/vc_column][\/vc_row][vc_row][vc_column width=&#8220;1\/6&#8243; css=&#8220;.vc_custom_1458730723414{margin-left: 5px !important;}&#8220;][vc_empty_space][\/vc_column][vc_column width=&#8220;1\/3&#8243;][vc_gallery interval=&#8220;3&#8243; images=&#8220;5672,4473,4491,4478&#8243; img_size=&#8220;medium&#8220; onclick=&#8220;&#8220;][\/vc_column][vc_column width=&#8220;1\/3&#8243;][vc_column_text]\n<h1>Cura\u00e7ao 2026<\/h1>\n<h3>Reisezeitraum: 10.06. &#8211; 27.06.2026<\/h3>\n<h3>Reisedauer: 2 1\/2 Wochen<\/h3>\n<h3>aktueller Buchungsstand: ausgebucht<\/h3>\n<hr \/>\n[\/vc_column_text][vc_accordion active_tab=&#8220;false&#8220; collapsible=&#8220;yes&#8220; disable_keyboard=&#8220;yes&#8220;][vc_accordion_tab title=&#8220;Allgemeine Informationen&#8220;][vc_column_text]\n<h2>Exklusive Tauch- und Erlebnisreise<\/h2>\n<p><strong>Wohin?<\/strong><br \/>\nCura\u00e7ao, Karibik<\/p>\n<p><strong>Wann?<\/strong><br \/>\nIm Sommer 2026 (Juni)<\/p>\n<p><strong>Wer?<\/strong><br \/>\nEine bunt gemischte Gruppe aus Singles, Paaren, Familien, Freunden sowie Taucher:innen und gerne auch Nicht-Taucher:innen unter der Organisation und Begleitung von J\u00fcrgen.<br \/>\n&#8222;Wiederholungst\u00e4ter&#8220; sind genauso wie &#8222;neue Gesichter&#8220; immer gerne gesehen.<\/p>\n<p><strong>Interesse?<\/strong><br \/>\nDiese Tour ist bereits ausgebucht.<br \/>\nLass Dich auf die <a href=\"https:\/\/www.ivans-dive-team.de\/de\/kontakt\/\" target=\"_blank\" rel=\"noopener\">Interessentenliste<\/a> setzen, um keine Tour zu verpassen.[\/vc_column_text][\/vc_accordion_tab][vc_accordion_tab title=&#8220;Mehr \u00fcber die Reise erfahren&#8220;][vc_column_text]\n<p data-start=\"268\" data-end=\"595\">Erlebe die farbenfrohe Unterwasserwelt Cura\u00e7aos auf einer einzigartigen Kombination aus Tauchabenteuer und Inselentdeckung. Unter deutschsprachiger Leitung erkundest Du die sch\u00f6nsten Tauch- und Schnorchelspots der Insel, bekannt f\u00fcr kristallklares Wasser, beeindruckende Riffe und faszinierende Meeresbewohner.<\/p>\n<p data-start=\"597\" data-end=\"909\">Neben unvergesslichen Erlebnissen unter Wasser bietet die Reise auch spannende, kulturelle Eindr\u00fccke und entspannte Tage an traumhaften Str\u00e4nden. Unsere Unterkunft liegt auf einer Steilklippe mit direktem Zugang zum kiesigen Strand und mit herrlichem Blick auf das Karibische Meer. Jeden Abend kannst Du auf Deiner eigenen Terrasse oder Balkon den Sonnenuntergang genie\u00dfen und die salzige Meeresluft auf den Lippen sp\u00fcren.<\/p>\n<p data-start=\"597\" data-end=\"909\">Braucht es noch mehr? \ud83d\ude09<\/p>\n[\/vc_column_text][\/vc_accordion_tab][\/vc_accordion][\/vc_column][vc_column width=&#8220;1\/6&#8243;][vc_column_text]\n[\/vc_column_text][vc_column_text]\n[\/vc_column_text][\/vc_column][\/vc_row][vc_row][vc_column width=&#8220;1\/6&#8243; css=&#8220;.vc_custom_1458730723414{margin-left: 5px !important;}&#8220;][vc_empty_space][\/vc_column][vc_column width=&#8220;1\/3&#8243;][vc_gallery interval=&#8220;3&#8243; images=&#8220;5673,5782,3835,4330&#8243; img_size=&#8220;medium&#8220; onclick=&#8220;&#8220;][\/vc_column][vc_column width=&#8220;1\/3&#8243;][vc_column_text]\n<h1>\u00c4gypten 2026<\/h1>\n<h3>Reisezeitraum: 12.09. &#8211; 19.09.2026<\/h3>\n<h3>Reisedauer: 1 Woche<\/h3>\n<h3>aktueller Buchungsstand: buchbar<\/h3>\n<hr \/>\n[\/vc_column_text][vc_accordion active_tab=&#8220;false&#8220; collapsible=&#8220;yes&#8220; disable_keyboard=&#8220;yes&#8220;][vc_accordion_tab title=&#8220;Allgemeine Informationen&#8220;][vc_column_text]<strong>Wohin?<\/strong><br \/>\n\u00c4gypten, El Gouna<\/p>\n<p><strong>Wann?<\/strong><br \/>\nIm Herbst 2026 (12.09. &#8211; 19.09.2026)<\/p>\n<p><strong>Wer?<\/strong><br \/>\nEine bunt gemischte Gruppe aus Singles, Paaren, Familien, Freunden sowie Taucher:innen und gerne auch Nicht-Taucher:innen unter der Organisation und Begleitung von Kathi.<br \/>\n&#8222;Wiederholungst\u00e4ter&#8220; sind genauso wie &#8222;neue Gesichter&#8220; immer gerne gesehen.<\/p>\n<p><strong>Interesse?<\/strong><br \/>\nHier findest Du unsere <a href=\"https:\/\/www.ivans-dive-team.de\/de\/wp-content\/uploads\/2026\/04\/Reiseausschreibung_Aegypten_0926.pdf\" target=\"_blank\" rel=\"noopener\">Reiseausschreibung<\/a> mit allen wichtigen Facts.<br \/>\nBei Fragen melde Dich unkompliziert telefonisch, per E-Mail oder schaue pers\u00f6nlich bei uns rein.[\/vc_column_text][\/vc_accordion_tab][vc_accordion_tab title=&#8220;Mehr \u00fcber die Reise erfahren&#8220;][vc_column_text]\n<p data-start=\"268\" data-end=\"595\">Wer uns schon lange begleitet wei\u00df, dass wir fr\u00fcher h\u00e4ufig begleitete Gruppenreise nach El Gouna gemacht haben. Denn hier, ganz anders als in vielen anderen Teilen \u00c4gyptens, l\u00e4dt das Drumherum zum Spazieren\/Flanieren\/Bummeln ein.<\/p>\n<p class=\"isSelectedEnd\">Dieses Reiseziel spiegelt genau das wider, was sich viele von euch gew\u00fcnscht haben: Sonne im Sp\u00e4tsommer, kurze Wege, entspanntes Ambiente und gro\u00dfartige Tauchm\u00f6glichkeiten.<\/p>\n<p class=\"isSelectedEnd\">Freut euch auf eine ideale Mischung aus Tauchen, Erholung und lebendigem Ortsleben. An f\u00fcnf Tagen geht es zu den sch\u00f6nsten Tauchpl\u00e4tzen des Roten Meeres (mit guten Chancen auf Delfine &amp; Schildkr\u00f6ten), danach entspannen wir gemeinsam am Pool oder schwitzen im gro\u00dfz\u00fcgigen Gym.<\/p>\n<p>Auch Nichttaucher kommen hier voll auf ihre Kosten![\/vc_column_text][\/vc_accordion_tab][\/vc_accordion][\/vc_column][vc_column width=&#8220;1\/6&#8243;][vc_column_text]\n[\/vc_column_text][vc_column_text]\n[\/vc_column_text][\/vc_column][\/vc_row][vc_row][vc_column width=&#8220;1\/6&#8243; css=&#8220;.vc_custom_1458730723414{margin-left: 5px !important;}&#8220;][vc_empty_space][\/vc_column][vc_column width=&#8220;1\/3&#8243;][vc_gallery interval=&#8220;3&#8243; images=&#8220;5434,5437,5438,5439,5440,5441,5436&#8243; img_size=&#8220;medium&#8220; onclick=&#8220;&#8220;][vc_video link=&#8220;https:\/\/www.youtube.com\/watch?v=48HwzgXVQNc&#8220; align=&#8220;center&#8220;][\/vc_column][vc_column width=&#8220;1\/3&#8243;][vc_column_text]\n<h1 id=\"firstHeading\" class=\"firstHeading mw-first-heading\"><span class=\"mw-page-title-main\">Malediven <\/span>2027<br \/>\nTauchsafari mit Inselverl\u00e4ngerung<\/h1>\n<h3>Reisezeitraum: 12.02.-27.02.2027<\/h3>\n<h3>aktueller Buchungsstand: ausgebucht<\/h3>\n<hr \/>\n[\/vc_column_text][vc_accordion active_tab=&#8220;false&#8220; collapsible=&#8220;yes&#8220; disable_keyboard=&#8220;yes&#8220;][vc_accordion_tab title=&#8220;Allgemeine Informationen&#8220;][vc_column_text]\n<h3>Lange haben wir bereits \u00fcber einer brillanten Idee gebr\u00fctet, nur war dies gar nicht so einfach umzusetzen &#8211; aber einige Monate sp\u00e4ter hatten wir endlich alles perfekt voreinander!<\/h3>\n<h5><\/h5>\n[\/vc_column_text][\/vc_accordion_tab][vc_accordion_tab title=&#8220;Mehr \u00fcber die Reise erfahren&#8220;][vc_column_text]Diese <strong>Malediven XL Spezial Tour<\/strong> wurde eigens f\u00fcr uns konzipiert.<\/p>\n<p>Eine grandiose Kombi aus Tauchkreuzfahrt mit anschlie\u00dfendem Inselaufenthalt ist extra und ganz exklusiv f\u00fcr uns zusammenstellt.<\/p>\n<p>Inzwischen ist diese Tour &#8222;leider&#8220; ausgebucht \ud83d\ude09<br \/>\nLass Dich bei Interesse an unseren Reisen am besten einfach auf unsere <a href=\"https:\/\/www.ivans-dive-team.de\/de\/kontakt\/\" target=\"_blank\" rel=\"noopener\">Interessentenliste<\/a> setzen![\/vc_column_text][\/vc_accordion_tab][\/vc_accordion][\/vc_column][vc_column width=&#8220;1\/6&#8243;][vc_column_text]\n[\/vc_column_text][vc_column_text]\n[\/vc_column_text][\/vc_column][\/vc_row][vc_row][vc_column][vc_column_text]\n[\/vc_column_text][vc_separator color=&#8220;violet&#8220;][vc_column_text]\n[\/vc_column_text][\/vc_column][\/vc_row][vc_row dt_bg_repeat=&#8220;repeat-y&#8220; dt_text_scheme=&#8220;lighter-overlay&#8220; dt_row_type=&#8220;fullwidth&#8220; dt_id=&#8220;buchung&#8220;][vc_column width=&#8220;1\/6&#8243;][vc_column_text]\n[\/vc_column_text][\/vc_column][vc_column width=&#8220;1\/3&#8243;][vc_column_text]J\u00fcrgen Janning<br \/>\nStadtweg 63<br \/>\nD-49086 Osnabr\u00fcck<br \/>\nTelefon: +49 541 38 80 02<br \/>\nE-Mail: <a href=\"mailto: juergen@ivans-dive-team.de\">shop@ivans-dive-team.de<\/a>[\/vc_column_text][\/vc_column][vc_column width=&#8220;1\/3&#8243;]\n<div class=\"wpcf7 no-js\" id=\"wpcf7-f387-o1\" lang=\"de-DE\" dir=\"ltr\">\n<div class=\"screen-reader-response\"><p role=\"status\" aria-live=\"polite\" aria-atomic=\"true\"><\/p> <ul><\/ul><\/div>\n<form action=\"\/de\/wp-json\/wp\/v2\/pages\/117#wpcf7-f387-o1\" method=\"post\" class=\"wpcf7-form init\" aria-label=\"Kontaktformular\" novalidate=\"novalidate\" data-status=\"init\">\n<div style=\"display: none;\">\n<input type=\"hidden\" name=\"_wpcf7\" value=\"387\" \/>\n<input type=\"hidden\" name=\"_wpcf7_version\" value=\"5.7.3\" \/>\n<input type=\"hidden\" name=\"_wpcf7_locale\" value=\"de_DE\" \/>\n<input type=\"hidden\" name=\"_wpcf7_unit_tag\" value=\"wpcf7-f387-o1\" \/>\n<input type=\"hidden\" name=\"_wpcf7_container_post\" value=\"0\" \/>\n<input type=\"hidden\" name=\"_wpcf7_posted_data_hash\" value=\"\" \/>\n<\/div>\n<p><span class=\"wpcf7-form-control-wrap\" data-name=\"your-name\"><input size=\"40\" class=\"wpcf7-form-control wpcf7-text wpcf7-validates-as-required\" aria-required=\"true\" aria-invalid=\"false\" placeholder=\"Name*\" value=\"\" type=\"text\" name=\"your-name\" \/><\/span>\n<\/p>\n<p><span class=\"wpcf7-form-control-wrap\" data-name=\"your-email\"><input size=\"40\" class=\"wpcf7-form-control wpcf7-text wpcf7-email wpcf7-validates-as-required wpcf7-validates-as-email\" aria-required=\"true\" aria-invalid=\"false\" placeholder=\"E-Mail*\" value=\"\" type=\"email\" name=\"your-email\" \/><\/span>\n<\/p>\n<p><span class=\"wpcf7-form-control-wrap\" data-name=\"your-telephon\"><input size=\"40\" class=\"wpcf7-form-control wpcf7-text\" aria-invalid=\"false\" placeholder=\"Telefonnummer\" value=\"\" type=\"text\" name=\"your-telephon\" \/><\/span>\n<\/p>\n<p><span class=\"wpcf7-form-control-wrap\" data-name=\"anzahl\"><input size=\"40\" class=\"wpcf7-form-control wpcf7-text wpcf7-validates-as-required\" aria-required=\"true\" aria-invalid=\"false\" placeholder=\"Anzahl der Personen*\" value=\"\" type=\"text\" name=\"anzahl\" \/><\/span>\n<\/p>\n<p>&nbsp\n<\/p>\n<p><span class=\"wpcf7-form-control-wrap\" data-name=\"your-message\"><textarea cols=\"40\" rows=\"10\" class=\"wpcf7-form-control wpcf7-textarea wpcf7-validates-as-required\" aria-required=\"true\" aria-invalid=\"false\" placeholder=\"Nachricht*\" name=\"your-message\"><\/textarea><\/span>\n<\/p>\n<p><a href=\"https:\/\/www.ivans-dive-team.de\/de\/wp-content\/uploads\/2024\/05\/IvansDiveTeam_AGB_052024.pdf\" target=\"_blank\">Reisebedingungen (PDF)<\/a> | * Pflichtfeld\n<\/p>\n<p><span id=\"wpcf7-69fb2ba304702-wrapper\" class=\"wpcf7-form-control-wrap Website-wrap\" style=\"display:none !important; visibility:hidden !important;\"><label for=\"wpcf7-69fb2ba304702-field\" class=\"hp-message\">Bitte lasse dieses Feld leer.<\/label><input id=\"wpcf7-69fb2ba304702-field\"  class=\"wpcf7-form-control wpcf7-text\" type=\"text\" name=\"Website\" value=\"\" size=\"40\" tabindex=\"-1\" autocomplete=\"new-password\" \/><\/span>\n<\/p>\n<p><input class=\"wpcf7-form-control has-spinner wpcf7-submit\" type=\"submit\" value=\"Senden\" \/>\n<\/p><input type='hidden' class='wpcf7-pum' value='{\"closepopup\":false,\"closedelay\":0,\"openpopup\":false,\"openpopup_id\":0}' \/><div class=\"wpcf7-response-output\" aria-hidden=\"true\"><\/div>\n<\/form>\n<\/div>\n[\/vc_column][vc_column width=&#8220;1\/6&#8243;][vc_column_text]\n[\/vc_column_text][\/vc_column][\/vc_row]\n","protected":false},"excerpt":{"rendered":"<p>[vc_row][vc_column][vc_column_text] Gruppenreisen [\/vc_column_text][\/vc_column][\/vc_row][vc_row][vc_column][vc_empty_space][\/vc_column][\/vc_row][vc_row][vc_column width=&#8220;1\/6&#8243;][\/vc_column][vc_column width=&#8220;2\/3&#8243;][vc_column_text] Bereits seit Mitte der 80er Jahre organisieren und begleiten wir Tauchgruppenreisen zu den faszinierendsten Tauchrevieren weltweit. Dank dieser langj\u00e4hrigen Erfahrung und pers\u00f6nlichen Kontakte gestalten wir&#8230;<\/p>\n","protected":false},"author":1,"featured_media":0,"parent":0,"menu_order":0,"comment_status":"closed","ping_status":"closed","template":"","meta":[],"_links":{"self":[{"href":"https:\/\/www.ivans-dive-team.de\/de\/wp-json\/wp\/v2\/pages\/117"}],"collection":[{"href":"https:\/\/www.ivans-dive-team.de\/de\/wp-json\/wp\/v2\/pages"}],"about":[{"href":"https:\/\/www.ivans-dive-team.de\/de\/wp-json\/wp\/v2\/types\/page"}],"author":[{"embeddable":true,"href":"https:\/\/www.ivans-dive-team.de\/de\/wp-json\/wp\/v2\/users\/1"}],"replies":[{"embeddable":true,"href":"https:\/\/www.ivans-dive-team.de\/de\/wp-json\/wp\/v2\/comments?post=117"}],"version-history":[{"count":376,"href":"https:\/\/www.ivans-dive-team.de\/de\/wp-json\/wp\/v2\/pages\/117\/revisions"}],"predecessor-version":[{"id":5785,"href":"https:\/\/www.ivans-dive-team.de\/de\/wp-json\/wp\/v2\/pages\/117\/revisions\/5785"}],"wp:attachment":[{"href":"https:\/\/www.ivans-dive-team.de\/de\/wp-json\/wp\/v2\/media?parent=117"}],"curies":[{"name":"wp","href":"https:\/\/api.w.org\/{rel}","templated":true}]}}