{"id":14,"date":"2016-03-21T09:46:48","date_gmt":"2016-03-21T08:46:48","guid":{"rendered":"http:\/\/www.ivans-dive-team.de\/de\/?page_id=14"},"modified":"2025-09-18T07:49:02","modified_gmt":"2025-09-18T05:49:02","slug":"wir","status":"publish","type":"page","link":"https:\/\/www.ivans-dive-team.de\/de\/wir\/","title":{"rendered":"Wir"},"content":{"rendered":"[vc_row dt_id=&#8220;idt&#8220; dt_bg_repeat=&#8220;repeat-y&#8220; dt_text_scheme=&#8220;lighter-overlay&#8220; dt_row_type=&#8220;fullwidth&#8220;][vc_column][vc_column_text]\n<h1 style=\"text-align: center;\">Ivan&#8217;s Dive Team<\/h1>\n[\/vc_column_text][vc_empty_space height=&#8220;20px&#8220;][\/vc_column][vc_column width=&#8220;1\/4&#8243;][vc_column_text]\n[\/vc_column_text][\/vc_column][vc_column width=&#8220;1\/2&#8243;][vc_column_text]\n<p style=\"text-align: center;\">Wie kommt ihr zu so einem Namen? Wie hat alles angefangen?<br \/>\nWer ist das Dive Team rundum Ivan?<br \/>\nAll das sind berechtigte Fragen, die wir gerne beantworten, damit Du uns &#8211; Deine zuk\u00fcnftigen (Tauch-) Buddies &#8211; n\u00e4her kennenlernen kannst.<\/p>\n<p style=\"text-align: center;\">Wer ist \u201eWir\u201c? \u201eWir\u201c sind J\u00fcrgen Janning, Katharina Goth, Ren\u00e9 Gabard sowie Jenny, Julia, Armin und Carsten als weitere erfahrene und besonders ambitionierte Taucher:innen, die uns bei unseren Tauchaktionen stets aktiv unterst\u00fctzen \u2013<br \/>\nhalt &#8222;das Team&#8220;.<\/p>\n[\/vc_column_text][\/vc_column][vc_column width=&#8220;1\/4&#8243;][vc_column_text]\n[\/vc_column_text][\/vc_column][\/vc_row][vc_row dt_bg_repeat=&#8220;repeat-y&#8220; dt_text_scheme=&#8220;lighter-overlay&#8220; dt_row_type=&#8220;fullwidth&#8220;][vc_column width=&#8220;1\/6&#8243;][vc_column_text]\n[\/vc_column_text][\/vc_column][vc_column width=&#8220;1\/3&#8243;][vc_column_text]\n<h2 style=\"text-align: left;\">J\u00fcrgen Janning<\/h2>\n<p style=\"text-align: left;\"><img decoding=\"async\" loading=\"lazy\" class=\"aligncenter wp-image-772 size-full\" src=\"https:\/\/www.ivans-dive-team.de\/de\/wp-content\/uploads\/2016\/03\/Juergen_neu.png\" alt=\"Juergen_neu\" width=\"350\" height=\"250\" srcset=\"https:\/\/www.ivans-dive-team.de\/de\/wp-content\/uploads\/2016\/03\/Juergen_neu.png 350w, https:\/\/www.ivans-dive-team.de\/de\/wp-content\/uploads\/2016\/03\/Juergen_neu-300x214.png 300w\" sizes=\"(max-width: 350px) 100vw, 350px\" \/><\/p>\n<p style=\"text-align: left;\">Er taucht bereits seit 1986, gab Ende 1993 seinen Job als Maschinenbautechniker \/ Konstrukteur auf, um sein Hobby und Passion Sporttauchen endg\u00fcltig zum Beruf zu machen.<\/p>\n<p>Direkt am Mittellandkanal aufgewachsen war Wasser schon immer sein Element und Tauchen wurde ihm quasi &#8222;in die Wiege gelegt&#8220;. Bereits sein Vater Karl-Heinz sammelte ab 1958 Taucherfahrung mit dem Dr\u00e4ger Tauchger\u00e4t 138 in den heimischen Gew\u00e4ssern. Filme von und \u00fcber die ber\u00fchmten Taucher Hans Hass und Jacques-Yves Cousteau taten das \u00dcbrige und begeisterten J\u00fcrgen von Kindheit an. Mit 23 Jahren erlernte er dann das Ger\u00e4tetauchen und lies fort an keine M\u00f6glichkeit dazu mehr aus.<br \/>\nDurch jede Menge Erfahrung und unz\u00e4hlige Qualifikationen lies er sich zum Tauchlehrer f\u00fcr PADI (1992), CMAS\/Barakuda\/International Aquanautic Club (1994) und SSI (2011) ausbilden. 1997 absolvierte er die Ausbildung zum &#8222;Staatlich anerkannten Tauchlehrer&#8220; bei der ITLA. Nach wie vor legt er stets viel Wert auf qualifiziertes Fachwissen, um jederzeit dem aktuellen Kenntnisstand rund um Tauchen, Ausr\u00fcstung, Service und Reisen gerecht zu werden.<br \/>\nJ\u00fcrgen hat inzwischen mehr als 11.000 Tauchg\u00e4nge weltweit absolviert und jeder sp\u00fcrt, mit welchem Herzblut und Leidenschaft er seine gro\u00dfe Erfahrung in die Werkstattarbeiten, Kaufberatung, Tauchausbildung und Reisebetreuung einflie\u00dfen l\u00e4sst.<br \/>\nFreitauchen (J\u00fcrgen ist auch zertifizierter Freediving-Instructor) ist seine weitere Leidenschaft! In Kombination mit Atemtraining und Yoga\/Relaqua f\u00fchrt es zur absoluten Entspannung.[\/vc_column_text][\/vc_column][vc_column width=&#8220;1\/3&#8243;][vc_column_text]\n<h2>Die Crew<\/h2>\n<p><img decoding=\"async\" loading=\"lazy\" class=\"aligncenter wp-image-462 size-full\" src=\"https:\/\/www.ivans-dive-team.de\/de\/wp-content\/uploads\/2016\/03\/Ulrich.png\" alt=\"\" width=\"350\" height=\"250\" srcset=\"https:\/\/www.ivans-dive-team.de\/de\/wp-content\/uploads\/2016\/03\/Ulrich.png 350w, https:\/\/www.ivans-dive-team.de\/de\/wp-content\/uploads\/2016\/03\/Ulrich-300x214.png 300w\" sizes=\"(max-width: 350px) 100vw, 350px\" \/><\/p>\n<p>Den engen Kern um J\u00fcrgen bilden im Wesentlichen Katharina Goth und Ren\u00e9 Gabard.<br \/>\nKathi taucht schon seit ihrem achten Lebensjahr und hat inzwischen viele Taucherfahrungen im In- und Ausland &#8222;auf dem Buckel&#8220;.<br \/>\nAls staatlich gepr\u00fcfte Betriebswirtin und ausgebildete Kauffrau f\u00fcr Marketingkommunikation liegen ihre Schwerpunkte bei uns klar in Planung, Verwaltung und im Verkauf.<br \/>\nSie ist Tauchlehrerin bei SSI, I.A.C.\/CMAS und PADI, zudem zertifizierte Relaqua\u00ae-Ausbilderin, liebt Freediving, leitet und begleitet h\u00e4ufig Gruppenreisen sowie Tauchkurse In- und Outdoor. Kathi organisiert unsere Events und Messeauftritte und bringt jede Menge Schwung, gute Laune und frischen Wind in die Bude.<\/p>\n<p>Ren\u00e9 ist ebenfalls Tauchlehrer bei SSI, I.A.C.\/CMAS und PADI und auch schon seit vielen Jahren ein verl\u00e4sslicher Bestandteil im Ausbildungsteam. Genau wie J\u00fcrgen ist auch er Instructor bei der American Heart Association. Seine Kenntnisse und Erfahrungen aus dem aktiven Rettungsdienst und seinem Beruf als OP-Pfleger flie\u00dfen u. a. besonders in die Kurse Erste Hilfe sowie Stress &amp; Rescue mit ein.<\/p>\n<p>Insbesondere in der Technik und Werkstatt ist Carsten eine tolle Unterst\u00fctzung, denn er liebt die Schrauberei. Sein allerliebstes Steckenpferd: Poseidon Atemregler.<br \/>\nCarsten ist der &#8222;Warmwassertaucher&#8220; bei Ivan&#8217;s Dive Team &#8211; er nimmt an vielen unserer Gruppenreisen teil und unterst\u00fctzt bei 28\u00b0 Grad Wassertemperatur auch gerne unsere Tauchevents im Pool.[\/vc_column_text][\/vc_column][vc_column width=&#8220;1\/6&#8243;][vc_column_text]\n[\/vc_column_text][\/vc_column][\/vc_row][vc_row][vc_column][vc_empty_space][\/vc_column][\/vc_row][vc_row awb_type=&#8220;image&#8220; awb_image_background_position=&#8220;50% 50%&#8220; awb_parallax=&#8220;scroll&#8220; awb_parallax_speed=&#8220;0.5&#8243; bg_image=&#8220;849&#8243; dt_bg_repeat=&#8220;repeat-y&#8220; bg_color=&#8220;#020202&#8243; dt_text_scheme=&#8220;darker-overlay&#8220; dt_row_type=&#8220;in_container&#8220; dt_padding_top=&#8220;50&#8243; dt_padding_bottom=&#8220;50&#8243; dt_id=&#8220;geschichte&#8220; dt_color_opacity=&#8220;50&#8243; css=&#8220;.vc_custom_1676112750915{background-color: rgba(0,0,0,0.3) !important;background-position: center !important;background-repeat: no-repeat !important;background-size: cover !important;*background-color: rgb(0,0,0) !important;}&#8220; awb_image=&#8220;4138&#8243;][vc_column width=&#8220;1\/4&#8243;][vc_column_text]\n[\/vc_column_text][\/vc_column][vc_column width=&#8220;1\/2&#8243;][vc_column_text]\n<p style=\"text-align: center;\"><span style=\"color: #ffffff;\"><strong>Und warum \u201eIvan\u2019s Dive Team\u201c?<\/strong><\/span><br \/>\n<span style=\"color: #ffffff;\">Helmut Schieck (1950-2015), Gr\u00fcnder und Namensgeber der Tauchschule und des Tauchshops, war ein \u201eechter Typ&#8220; und fiel durch seine robuste Erscheinung sowie manchmal etwas ruppige, jedoch stets herzliche Art auf und wurde<\/span><br \/>\n<span style=\"color: #ffffff;\">scherzhaft \u201eIvan\u201c\u00a0 genannt.<\/span><\/p>\n<p style=\"text-align: center;\"><span style=\"color: #ffffff;\">Ein \u201eKellershop\u201c in OS-Nahne setzte im Jahr 1983 den Grundstein f\u00fcr das Unternehmen \u201eTauchsport und Unterwassertechnik Helmut Schieck\u201c. 1988 wurden die bis heute bestehenden Gesch\u00e4ftsr\u00e4ume am Stadtweg 63 in Osnabr\u00fcck-L\u00fcstringen bezogen.<\/span><\/p>\n<p>&nbsp;<\/p>\n<p style=\"text-align: center;\"><span style=\"color: #ffffff;\"><strong>\u2026 gerne erz\u00e4hlen wir Dir mehr \u00fcber uns &#8211; Ivan\u2019s Dive Team &#8211; oder schwelgen mit Dir in Erinnerungen l\u00e4ngst vergangener Abenteuer.<\/strong><\/span><\/p>\n[\/vc_column_text][\/vc_column][vc_column width=&#8220;1\/4&#8243;][vc_column_text]\n[\/vc_column_text][\/vc_column][\/vc_row][vc_row][vc_column width=&#8220;1\/4&#8243;][vc_column_text]\n[\/vc_column_text][\/vc_column][vc_column width=&#8220;1\/2&#8243;][vc_column_text]\n<h4 class=\"section-tagline\" style=\"text-align: center;\">Schau auch mal zu unseren <a href=\"https:\/\/www.ivans-dive-team.de\/de\/unsere-kooperationspartner\/\">Kooperationspartnern<\/a><\/h4>\n<p class=\"section-tagline\" style=\"text-align: center;\">&#8230;denn ohne diese Teams w\u00fcrde unser Job wahrscheinlich weitaus weniger Spa\u00df machen.<\/p>\n<p style=\"text-align: center;\"><strong>\u00a0<\/strong><\/p>\n[\/vc_column_text][\/vc_column][vc_column width=&#8220;1\/4&#8243;][vc_column_text]\n[\/vc_column_text][\/vc_column][\/vc_row]\n","protected":false},"excerpt":{"rendered":"<p>[vc_row dt_id=&#8220;idt&#8220; dt_bg_repeat=&#8220;repeat-y&#8220; dt_text_scheme=&#8220;lighter-overlay&#8220; dt_row_type=&#8220;fullwidth&#8220;][vc_column][vc_column_text] Ivan&#8217;s Dive Team [\/vc_column_text][vc_empty_space height=&#8220;20px&#8220;][\/vc_column][vc_column width=&#8220;1\/4&#8243;][vc_column_text] [\/vc_column_text][\/vc_column][vc_column width=&#8220;1\/2&#8243;][vc_column_text] Wie kommt ihr zu so einem Namen? Wie hat alles angefangen? Wer ist das Dive Team rundum&#8230;<\/p>\n","protected":false},"author":1,"featured_media":0,"parent":0,"menu_order":0,"comment_status":"closed","ping_status":"closed","template":"","meta":[],"_links":{"self":[{"href":"https:\/\/www.ivans-dive-team.de\/de\/wp-json\/wp\/v2\/pages\/14"}],"collection":[{"href":"https:\/\/www.ivans-dive-team.de\/de\/wp-json\/wp\/v2\/pages"}],"about":[{"href":"https:\/\/www.ivans-dive-team.de\/de\/wp-json\/wp\/v2\/types\/page"}],"author":[{"embeddable":true,"href":"https:\/\/www.ivans-dive-team.de\/de\/wp-json\/wp\/v2\/users\/1"}],"replies":[{"embeddable":true,"href":"https:\/\/www.ivans-dive-team.de\/de\/wp-json\/wp\/v2\/comments?post=14"}],"version-history":[{"count":141,"href":"https:\/\/www.ivans-dive-team.de\/de\/wp-json\/wp\/v2\/pages\/14\/revisions"}],"predecessor-version":[{"id":5502,"href":"https:\/\/www.ivans-dive-team.de\/de\/wp-json\/wp\/v2\/pages\/14\/revisions\/5502"}],"wp:attachment":[{"href":"https:\/\/www.ivans-dive-team.de\/de\/wp-json\/wp\/v2\/media?parent=14"}],"curies":[{"name":"wp","href":"https:\/\/api.w.org\/{rel}","templated":true}]}}