{"id":1791,"date":"2018-06-20T19:32:33","date_gmt":"2018-06-20T17:32:33","guid":{"rendered":"https:\/\/www.ivans-dive-team.de\/de\/?page_id=1791"},"modified":"2023-02-16T16:49:49","modified_gmt":"2023-02-16T15:49:49","slug":"jubilaeum","status":"publish","type":"page","link":"https:\/\/www.ivans-dive-team.de\/de\/galerien\/jubilaeum\/","title":{"rendered":"Jubil\u00e4umsparty"},"content":{"rendered":"[vc_row][vc_column][vc_column_text]\n<h1 style=\"text-align: center;\">30-j\u00e4hriges Jubil\u00e4um am Stadtweg 63<\/h1>\n<h3 style=\"text-align: center;\">Unsere Jubil\u00e4umsparty war ein voller Erfolg!<\/h3>\n<h3 style=\"text-align: center;\">Vielen Dank, dass ihr diesen Tag mit uns geteilt habt!<br \/>\nDanke an alle, die Ivan\u2018s Dive Team \u00fcber Jahre und Jahrzehnte die Treue gehalten haben,<br \/>\nDanke an alle, die sich f\u00fcr den Tauchsport interessieren,<br \/>\nDanke an alle, die uns mit ihrem Engagement unterst\u00fctzen und<br \/>\nDanke an alle, die mit Bier\/W\u00fcrstchen\/Losen\/Spenden zum Erfolg der Veranstaltung beigetragen haben!<\/h3>\n<h3 style=\"text-align: center;\"><strong><span class=\"text_exposed_show\">800,00\u20ac konnten wir an die Seenotretter (DGzRS) \u00fcbermitteln!<\/span><\/strong><\/h3>\n<h3 style=\"text-align: center;\">Wir freuen uns jetzt schon auf\u2018s n\u00e4chste Jubil\u00e4um!<\/h3>\n[\/vc_column_text][\/vc_column][\/vc_row][vc_row][vc_column width=&#8220;1\/6&#8243;][vc_column_text]\n[\/vc_column_text][\/vc_column][vc_column width=&#8220;2\/3&#8243;][vc_column_text]<div style=\"clear:both; width:100%; height:60px\"><\/div>[vc_gallery type=&#8220;image_grid&#8220; interval=&#8220;3&#8243; images=&#8220;1552,1553,1554,1555,1556,1557,1558,1559,1560,1561,1562,1563,1564,1565,1566,1567,1569,1568,1570,1571,1572,1573,1574,1575,1576,1577,1578,1579,1580,1581,1582,1583,1584,1585,1586,1587,1588,1589,1590,1591,1592,1593,1594,1595,1596,1597,1598,1599,1600,1601,1602,1603,1604,1605,1606,1607,1608,1610,1609,1611,1612,1613,1614,1615,1616,1617,1618,1619,1620,1621,1622,1623,1624,1625,1626,1627,1628,1629,1630,1631,1632,1633,1634,1635,1636,1637,1638,1639,1640,1641,1642,1644,1643,1645,1646,1647,1648,1649,1650,1651,1652,1653,1654,1655,1656,1657,1658,1659,1660,1661,1662,1663,1664,1665,1666,1667,1668,1669,1670,1671,1672,1673,1674,1676,1675,1677,1678,1679,1680,1681,1682,1683,1684,1685,1686,1687,1688,1689,1691,1692,1693,1694,1695,1698,1696,1699,1700,1701,1702,1703,1704,1705,1706,1707,1713,1714,1715,1716,1717,1718,1719,1720,1721,1722,1723,1724,1725,1726,1728,1729,1730,1732,1731,1733,1734,1736,1737,1738,1739,1740,1741,1742,1743,1744,1745,1746,1747,1748,1749,1750,1751,1752,1753,1754,1755,1756,1757,1758,1759,1760,1761,1762,1763,1764,1765,1766,1767,1768,1769,1770,1771,1772,1773,1774,1775,1776,1777,1778,1779,1780,1781,1782,1783,1784,1785,1786,1787,1788&#8243; onclick=&#8220;link_image&#8220; custom_links_target=&#8220;_self&#8220; img_size=&#8220;150&#215;150&#8243;][\/vc_column_text][\/vc_column][vc_column width=&#8220;1\/6&#8243;][vc_column_text]\n[\/vc_column_text][\/vc_column][\/vc_row]\n","protected":false},"excerpt":{"rendered":"<p>[vc_row][vc_column][vc_column_text] 30-j\u00e4hriges Jubil\u00e4um am Stadtweg 63 Unsere Jubil\u00e4umsparty war ein voller Erfolg! Vielen Dank, dass ihr diesen Tag mit uns geteilt habt! Danke an alle, die Ivan\u2018s Dive Team \u00fcber&#8230;<\/p>\n","protected":false},"author":2,"featured_media":0,"parent":123,"menu_order":0,"comment_status":"closed","ping_status":"closed","template":"","meta":[],"_links":{"self":[{"href":"https:\/\/www.ivans-dive-team.de\/de\/wp-json\/wp\/v2\/pages\/1791"}],"collection":[{"href":"https:\/\/www.ivans-dive-team.de\/de\/wp-json\/wp\/v2\/pages"}],"about":[{"href":"https:\/\/www.ivans-dive-team.de\/de\/wp-json\/wp\/v2\/types\/page"}],"author":[{"embeddable":true,"href":"https:\/\/www.ivans-dive-team.de\/de\/wp-json\/wp\/v2\/users\/2"}],"replies":[{"embeddable":true,"href":"https:\/\/www.ivans-dive-team.de\/de\/wp-json\/wp\/v2\/comments?post=1791"}],"version-history":[{"count":11,"href":"https:\/\/www.ivans-dive-team.de\/de\/wp-json\/wp\/v2\/pages\/1791\/revisions"}],"predecessor-version":[{"id":4210,"href":"https:\/\/www.ivans-dive-team.de\/de\/wp-json\/wp\/v2\/pages\/1791\/revisions\/4210"}],"up":[{"embeddable":true,"href":"https:\/\/www.ivans-dive-team.de\/de\/wp-json\/wp\/v2\/pages\/123"}],"wp:attachment":[{"href":"https:\/\/www.ivans-dive-team.de\/de\/wp-json\/wp\/v2\/media?parent=1791"}],"curies":[{"name":"wp","href":"https:\/\/api.w.org\/{rel}","templated":true}]}}