{"id":2183,"date":"2019-03-30T12:02:45","date_gmt":"2019-03-30T11:02:45","guid":{"rendered":"https:\/\/www.ivans-dive-team.de\/de\/?page_id=2183"},"modified":"2025-12-19T15:26:15","modified_gmt":"2025-12-19T14:26:15","slug":"relaqua","status":"publish","type":"page","link":"https:\/\/www.ivans-dive-team.de\/de\/relaqua\/","title":{"rendered":"Relaqua \u00ae"},"content":{"rendered":"[vc_row][vc_column width=&#8220;1\/6&#8243;][vc_column_text]\n[\/vc_column_text][\/vc_column][vc_column width=&#8220;2\/3&#8243;][vc_column_text]\n<h1 style=\"text-align: center;\"><span style=\"color: #333333;\">Relaqua \u00ae<\/span><\/h1>\n<h3 style=\"text-align: center;\"><span style=\"color: #333333;\">Relaqua ist ein Entspannungskonzept im Wasser und besch\u00e4ftigt sich mit verschiedenen Techniken wie der Meditation, dem Tauchreflex und Yoga.<\/span><br \/>\n<span style=\"color: #333333;\">Im Wasser werden Floating\u00fcbungen mit Atempausen und Meditation kombiniert, wodurch eine Tiefenentspannung besonders einfach und effizient zu erreichen ist.<\/span><\/h3>\n<p style=\"text-align: center;\"><span style=\"color: #333333;\">Wer kennt es nicht nach einem langen Tag nach Hause zu kommen, gedanklich noch voll in der Arbeit, bei den Kindern, beim dringend \u00fcberf\u00e4lligem Hausputz oder dem l\u00e4stigen Spaziergang mit dem Hund im Regen zu sein?<\/span><\/p>\n<p style=\"text-align: center;\"><span style=\"color: #333333;\">Von Mensch zu Mensch ist es unterschiedlich, wie stark dieser &#8222;Stress&#8220; einen belastet. Manch einer empfindet das noch l\u00e4ngst nicht als Stress, manch anderer jedoch sehr.<\/span><br \/>\n<span style=\"color: #333333;\">Egal zu welchem Typ Mensch Du z\u00e4hlst, mit den richtigen Techniken l\u00e4sst sich ganz einfach gegen steuern.<\/span><\/p>\n<p style=\"text-align: center;\"><span style=\"color: #333333;\">Entspannung durch die richtige Atmung an Land und im Wasser\u00a0 &#8211; das Konzept lautet \u201eRelaqua\u201c.<\/span><\/p>\n[\/vc_column_text][\/vc_column][vc_column width=&#8220;1\/6&#8243;][vc_column_text]\n[\/vc_column_text][\/vc_column][\/vc_row][vc_row full_width=&#8220;stretch_row_content&#8220; awb_type=&#8220;image&#8220; awb_stretch=&#8220;1&#8243; awb_image_background_position=&#8220;80% 20 %&#8220; awb_parallax=&#8220;scroll&#8220; awb_parallax_speed=&#8220;0.5&#8243; awb_image=&#8220;2287&#8243;][vc_column width=&#8220;1\/6&#8243;][vc_column_text]\n[\/vc_column_text][\/vc_column][vc_column width=&#8220;2\/3&#8243;][vc_column_text]\n<p>&nbsp;<\/p>\n<p>&nbsp;<\/p>\n<p>&nbsp;<\/p>\n<p>&nbsp;<\/p>\n[\/vc_column_text][vc_empty_space][\/vc_column][vc_column width=&#8220;1\/6&#8243;][vc_column_text]\n[\/vc_column_text][\/vc_column][\/vc_row][vc_row][vc_column width=&#8220;1\/6&#8243;][vc_column_text]\n[\/vc_column_text][\/vc_column][vc_column width=&#8220;2\/3&#8243;][vc_column_text]\n<p style=\"text-align: center;\"><strong>F\u00fcr wen eignet sich Relaqua?<\/strong><br \/>\nF\u00fcr Kids ist Relaqua die M\u00f6glichkeit, pr\u00e4ventive Ma\u00dfnahmen gegen Stress fr\u00fchzeitig zu erlernen.<br \/>\nF\u00fcr Aktive ist Relaqua ein neues tolles Entspannungswerkzeug.<br \/>\nF\u00fcr Gestresste ist Relaqua die M\u00f6glichkeit, dem Alltag zu entfliehen.<br \/>\nF\u00fcr Oldies ist Relaqua die wohlverdiente Entspannung.<br \/>\nF\u00fcr Yoga-Liebhaber ist Relaqua eine gro\u00dfartige Erg\u00e4nzung.<br \/>\nF\u00fcr Wellnessaffine ist Relaqua ein Kurzurlaub.<br \/>\nF\u00fcr Bodenst\u00e4ndige gibt es auch Trocken-Kurse ohne Wassersession (&#8222;Atemlust&#8220;).<\/p>\n<p style=\"text-align: center;\">Das Konzept ist daher nicht nur auf (Apnoe-)Taucher, sondern auf jedermann ausgerichtet.<\/p>\n[\/vc_column_text][vc_separator color=&#8220;violet&#8220;][\/vc_column][vc_column width=&#8220;1\/6&#8243;][vc_column_text]\n[\/vc_column_text][\/vc_column][\/vc_row][vc_row][vc_column width=&#8220;1\/6&#8243;][vc_column_text]\n[\/vc_column_text][\/vc_column][vc_column width=&#8220;2\/6&#8243;][vc_single_image image=&#8220;2192&#8243; img_size=&#8220;400&#215;400&#8243;][\/vc_column][vc_column width=&#8220;2\/6&#8243;][vc_column_text]<strong>Atemkurse bei Ivan&#8217;s Dive Team<\/strong><br \/>\nKathi ist im Gro\u00dfraum Osnabr\u00fcck bis Herford die erste und bislang einzige Relaqua-Ausbilderin. Da es derzeit lediglich ca. 40 Ausbilder weltweit gibt, wird &#8222;Relaqua&#8220; leider noch nicht von Krankenkassen bezuschusst.<\/p>\n<p>Das Kurskonzept bietet einigen Spielraum, so dass die Kurse individuell auf die Teilnehmer angepasst werden k\u00f6nnen. Es gibt Workshops die einmalig einige Stunden dauern, es gibt Wochenend-Programme oder auch Wochenpl\u00e4ne.<\/p>\n<p>Die Kurse in der \u00dcbersicht:<br \/>\n\u00bb Relaqua Einzel-Session<br \/>\n\u00bb Relaqua &#8222;Family&#8220; (auf Anfrage)<br \/>\n\u00bb Entspannungsplan<br \/>\n\u00bb Atemtechniken f\u00fcr Scuba-Taucher[\/vc_column_text][\/vc_column][vc_column width=&#8220;1\/6&#8243;][vc_column_text]\n[\/vc_column_text][\/vc_column][\/vc_row][vc_row][vc_column][vc_separator color=&#8220;violet&#8220;][vc_empty_space height=&#8220;20px&#8220;][\/vc_column][\/vc_row][vc_row][vc_column width=&#8220;1\/6&#8243;][vc_column_text]\n[\/vc_column_text][\/vc_column][vc_column width=&#8220;2\/3&#8243;][vc_hoverbox image=&#8220;4190&#8243; primary_title=&#8220;&#8220; hover_title=&#8220;&#8220; shape=&#8220;square&#8220;]\n<p>&nbsp;<\/p>\n<p style=\"text-align: center;\"><strong>Was steckt dahinter?<br \/>\n<\/strong>Urspr\u00fcnglich eingesetzt wurde Relaqua im <a href=\"https:\/\/www.ivans-dive-team.de\/de\/tauchschule\/#freediving\">Apnoetauchen<\/a>, da hier die Entspannung eine elementare Rolle spielt. Der Unterschied: bei Relaqua verliert man den Leistungsdruck.<\/p>\n<p style=\"text-align: center;\">Erfunden hat es Nikolay &#8222;Nik&#8220; Linder. Er ist mehrfacher Weltrekordtaucher im Streckentauchen unter Eis.<br \/>\nW\u00e4hrend der Wettkampfzeit hat er sich gefragt, warum diese Stressreduktionsmethoden nur Mittel zum Zweck sein sollen, nicht aber im Alltag f\u00fcr jedermann zug\u00e4nglich gemacht werden. Er hat diesen Gedanken verfolgt und mit uns geteilt&#8230;<\/p>\n<p>&nbsp;<\/p>\n[\/vc_hoverbox][\/vc_column][vc_column width=&#8220;1\/6&#8243;][vc_column_text]\n[\/vc_column_text][\/vc_column][\/vc_row][vc_row][vc_column][vc_empty_space height=&#8220;20px&#8220;][\/vc_column][\/vc_row][vc_row][vc_column width=&#8220;1\/6&#8243;][vc_column_text]\n[\/vc_column_text][\/vc_column][vc_column width=&#8220;1\/3&#8243;][vc_column_text]<strong>Relaqua\u00ae Entspannungsplan<\/strong><\/p>\n<p>Wie bei fast allen Kursen und Veranstaltungen gilt: einmal dabei gewesen zu sein ist toll &#8211; aber mehrmals das Gef\u00fchl gesp\u00fcrt zu haben ist einfach klasse!<\/p>\n<p><strong>Deswegen gibt es exklusiv bei Ivan&#8217;s Dive Team den Entspannungsplan zu Relaqua\u00ae.<\/strong><br \/>\nHierbei werden die Kursmodule gezielt aufeinander aufgebaut, w\u00e4hrend der Woche individuell ge\u00fcbt und verinnerlicht. Von Woche zu Woche steigerst Du so Dein K\u00f6rperempfinden und wirst achtsamer &#8211; Dein Alltag gewinnt an Qualit\u00e4t!<\/p>\n<p>Du kannst den Kurs bestehend aus vier oder acht Modulen w\u00e4hlen und so selbst die Intensit\u00e4t Deiner Ruhezone bestimmen. Lasse Dich bereits <a href=\"https:\/\/www.ivans-dive-team.de\/de\/kontakt\/\" target=\"_blank\" rel=\"noopener\">HIER<\/a> auf die Interessentenliste f\u00fcr den n\u00e4chsten Kurs setzen.[\/vc_column_text][\/vc_column][vc_column width=&#8220;1\/3&#8243;][vc_single_image image=&#8220;3497&#8243; img_size=&#8220;full&#8220;][\/vc_column][vc_column width=&#8220;1\/6&#8243;][vc_column_text]\n[\/vc_column_text][\/vc_column][\/vc_row][vc_row full_width=&#8220;stretch_row_content&#8220; awb_type=&#8220;image&#8220; awb_image_background_position=&#8220;80 % 20 %&#8220; awb_parallax=&#8220;scroll&#8220; awb_parallax_speed=&#8220;0.5&#8243; bg_image=&#8220;2287&#8243; dt_bg_repeat=&#8220;no-repeat&#8220; bg_color=&#8220;#000000&#8243; dt_color_opacity=&#8220;50&#8243; dt_text_scheme=&#8220;darker-overlay&#8220; dt_padding_top=&#8220;20&#8243; dt_padding_bottom=&#8220;20&#8243; dt_row_type=&#8220;fullwidth&#8220; awb_image=&#8220;2287&#8243; css=&#8220;.vc_custom_1676477389311{background: #000000 url(https:\/\/www.ivans-dive-team.de\/de\/wp-content\/uploads\/2019\/06\/10672244_10204711820305838_1912668181265802729_n.jpg?id=2287) !important;}&#8220;][vc_column width=&#8220;1\/6&#8243;][vc_column_text]\n[\/vc_column_text][\/vc_column][vc_column width=&#8220;2\/3&#8243;][vc_column_text]\n<h2 style=\"text-align: center;\"><span style=\"color: #ffffff;\">Auf einen Blick<\/span><\/h2>\n<p style=\"text-align: center;\"><span style=\"color: #ffffff;\"><strong>Relaqua &#8211; breathholding relaxation<\/strong><\/span><br \/>\n<span style=\"color: #ffffff;\">montags &amp; freitags 20:00 Uhr bis 22:00Uhr<\/span><br \/>\n<span style=\"color: #ffffff;\">H2O Herford \u2013 Wiesestra\u00dfe 90, 32052 Herford<\/span><br \/>\n<span style=\"color: #ffffff;\">29,00 \u20ac (inklusive Schwimmbad Eintritt)<\/span><br \/>\n<span style=\"color: #ffffff;\">Mindestalter: 12 Jahre<\/span><br \/>\n<span style=\"color: #ffffff;\"><a style=\"color: #ffffff;\" href=\"https:\/\/www.ivans-dive-team.de\/de\/kontakt\/\">bitte anmelden<\/a><\/span><\/p>\n[\/vc_column_text][\/vc_column][vc_column width=&#8220;1\/6&#8243;][vc_column_text]\n[\/vc_column_text][\/vc_column][\/vc_row][vc_row][vc_column width=&#8220;1\/6&#8243;][vc_column_text]\n[\/vc_column_text][\/vc_column][vc_column width=&#8220;2\/6&#8243;][vc_video link=&#8220;https:\/\/www.youtube.com\/watch?v=GipTvldGxkE&#8220;][\/vc_column][vc_column width=&#8220;2\/6&#8243;][vc_column_text]Falls es doch noch nicht ganz klar geworden ist, was Relaqua so besonders macht, lass es Dir in einem kurzen Video vom &#8222;Erfinder&#8220; pers\u00f6nlich erkl\u00e4ren.<\/p>\n<p>Ich freue mich auf Deine Teilnahme![\/vc_column_text][\/vc_column][vc_column width=&#8220;1\/6&#8243;][vc_column_text]\n[\/vc_column_text][\/vc_column][\/vc_row][vc_row][vc_column][vc_column_text]\n[\/vc_column_text][\/vc_column][\/vc_row]\n","protected":false},"excerpt":{"rendered":"<p>[vc_row][vc_column width=&#8220;1\/6&#8243;][vc_column_text] [\/vc_column_text][\/vc_column][vc_column width=&#8220;2\/3&#8243;][vc_column_text] Relaqua \u00ae Relaqua ist ein Entspannungskonzept im Wasser und besch\u00e4ftigt sich mit verschiedenen Techniken wie der Meditation, dem Tauchreflex und Yoga. Im Wasser werden Floating\u00fcbungen mit&#8230;<\/p>\n","protected":false},"author":2,"featured_media":0,"parent":0,"menu_order":0,"comment_status":"closed","ping_status":"closed","template":"","meta":[],"_links":{"self":[{"href":"https:\/\/www.ivans-dive-team.de\/de\/wp-json\/wp\/v2\/pages\/2183"}],"collection":[{"href":"https:\/\/www.ivans-dive-team.de\/de\/wp-json\/wp\/v2\/pages"}],"about":[{"href":"https:\/\/www.ivans-dive-team.de\/de\/wp-json\/wp\/v2\/types\/page"}],"author":[{"embeddable":true,"href":"https:\/\/www.ivans-dive-team.de\/de\/wp-json\/wp\/v2\/users\/2"}],"replies":[{"embeddable":true,"href":"https:\/\/www.ivans-dive-team.de\/de\/wp-json\/wp\/v2\/comments?post=2183"}],"version-history":[{"count":92,"href":"https:\/\/www.ivans-dive-team.de\/de\/wp-json\/wp\/v2\/pages\/2183\/revisions"}],"predecessor-version":[{"id":5647,"href":"https:\/\/www.ivans-dive-team.de\/de\/wp-json\/wp\/v2\/pages\/2183\/revisions\/5647"}],"wp:attachment":[{"href":"https:\/\/www.ivans-dive-team.de\/de\/wp-json\/wp\/v2\/media?parent=2183"}],"curies":[{"name":"wp","href":"https:\/\/api.w.org\/{rel}","templated":true}]}}