{"id":22,"date":"2016-03-21T14:34:45","date_gmt":"2016-03-21T13:34:45","guid":{"rendered":"http:\/\/www.ivans-dive-team.de\/de\/?page_id=22"},"modified":"2025-07-24T07:45:17","modified_gmt":"2025-07-24T05:45:17","slug":"tauchshop","status":"publish","type":"page","link":"https:\/\/www.ivans-dive-team.de\/de\/tauchshop\/","title":{"rendered":"Tauchshop"},"content":{"rendered":"[vc_row dt_id=&#8220;shop&#8220; dt_bg_repeat=&#8220;repeat-y&#8220; dt_text_scheme=&#8220;lighter-overlay&#8220; dt_row_type=&#8220;fullwidth&#8220;][vc_column width=&#8220;1\/6&#8243;][vc_column_text]\n[\/vc_column_text][\/vc_column][vc_column width=&#8220;2\/3&#8243;][vc_column_text]\n<h1 style=\"text-align: center;\">Der Tauchshop<\/h1>\n<h3 style=\"text-align: center;\">Nat\u00fcrlich, jede Wasserratte braucht auch einen kompetenten Ansprechpartner rund ums Equipment. Wir bieten auf circa 90 m\u00b2 Verkaufsfl\u00e4che die gr\u00f6\u00dfte Auswahl an Tauchausr\u00fcstung und -zubeh\u00f6r in Osnabr\u00fcck.<\/h3>\n<p style=\"text-align: center;\">Renommierte Marken wie Apeks, Aqualung, Atomic, Barakuda, Bare, Beuchat, Cressi, Hollis, Mares, Oceanic, Ocean Reef, Polaris, Poseidon, Scubapro, Seac Sub, Sherwood, Zeagle und einige mehr sind bei uns vertreten.<br \/>\nJe nach Hersteller sind auch Ma\u00df-\/Teilma\u00dfanfertigungen und\/oder \u00c4nderungen m\u00f6glich. Egal, ob Du bereits ein erfahrener Taucher bist oder gerade erst anfangen m\u00f6chtest \u2013 bei uns bekommt jeder eine pers\u00f6nliche und qualifizierte Beratung. M\u00f6glicherweise findest Du auch etwas in unserem &#8222;St\u00f6bershop&#8220; <a href=\"https:\/\/www.ivans-dive-team.de\/de\/tauchbedarf\/\">Tauchbedarf<\/a>.<\/p>\n<p style=\"text-align: center;\">Zu unseren St\u00e4rken z\u00e4hlen &#8211; neben jahrzehntelanger Erfahrung im Tauchen und Reisen &#8211; eine fundierte Tauchausbildung sowie kompetente Beratung und individuelle Zusammenstellung der Tauchausr\u00fcstung.<br \/>\nService- und Reparaturdienstleistungen f\u00fchren wir in unserer eigenen autorisierten Fachwerkstatt durch.<\/p>\n[\/vc_column_text][\/vc_column][vc_column width=&#8220;1\/6&#8243;][vc_column_text]\n[\/vc_column_text][\/vc_column][\/vc_row][vc_row full_width=&#8220;stretch_row&#8220; content_placement=&#8220;middle&#8220; awb_type=&#8220;image&#8220; awb_image_background_position=&#8220;50% 50%&#8220; awb_parallax=&#8220;scroll&#8220; awb_parallax_speed=&#8220;0.5&#8243; dt_id=&#8220;wartung&#8220; dt_bg_repeat=&#8220;repeat-y&#8220; dt_text_scheme=&#8220;lighter-overlay&#8220; dt_row_type=&#8220;fullwidth&#8220; awb_image=&#8220;4175&#8243;][vc_column][vc_column_text]\n<p>&nbsp;<\/p>\n<p>&nbsp;<\/p>\n<p>&nbsp;<\/p>\n<p>&nbsp;<\/p>\n<p>&nbsp;<\/p>\n[\/vc_column_text][\/vc_column][\/vc_row][vc_row][vc_column width=&#8220;1\/4&#8243;][vc_column_text]\n[\/vc_column_text][\/vc_column][vc_column width=&#8220;1\/2&#8243;][vc_text_separator title=&#8220;Allgemeines&#8220; color=&#8220;violet&#8220;][vc_hoverbox image=&#8220;849&#8243; primary_title=&#8220;&#8220; hover_title=&#8220;&#8220;]\n<p style=\"text-align: center;\">Zur ger\u00e4umigen Verkaufsfl\u00e4che bieten unsere Gesch\u00e4ftsr\u00e4ume weitere 56 m\u00b2 Werkstattbereich. In einem besonders schallged\u00e4mmten Raum steht unsere leistungsf\u00e4higen Pressluftf\u00fcllanlage mit den BAUER Kompressoren K15\u00a0 und Mini Verticus (beide jeweils\u00a0 mit Securus Filtersystem\u00fcberwachung),\u00a0 die Eure Druckluftflaschen innerhalb weniger Minuten mit 200\/230 bzw. bis zu 300 bar reinster Atemluft f\u00fcllen.<\/p>\n<p style=\"text-align: center;\">Vor unserem gem\u00fctlichen Laden bieten wir ausreichend Parkpl\u00e4tze.<br \/>\nDie gro\u00dfen Schaufenster sorgen f\u00fcr ein lichtdurchflutetes Ambiente.<\/p>\n[\/vc_hoverbox][\/vc_column][vc_column width=&#8220;1\/4&#8243; css=&#8220;.vc_custom_1458568824910{padding-left: 150px !important;}&#8220;][\/vc_column][\/vc_row][vc_row][vc_column][vc_empty_space height=&#8220;25px&#8220;][\/vc_column][\/vc_row][vc_row][vc_column width=&#8220;1\/4&#8243;][vc_column_text]\n[\/vc_column_text][\/vc_column][vc_column width=&#8220;1\/2&#8243;][vc_text_separator title=&#8220;Wartung &amp; Pflege&#8220; color=&#8220;violet&#8220;][vc_hoverbox image=&#8220;1512&#8243; primary_title=&#8220;&#8220; hover_title=&#8220;&#8220;]\n<p style=\"text-align: center;\"><strong>Warum sind Wartung und Pflege so elementar wichtig?<\/strong><\/p>\n<p style=\"text-align: center;\">Jeder sollte sich ins Bewusstsein rufen, dass Tauchen nun mal unter Wasser &#8211; in einem f\u00fcr Menschen fremden Element &#8211; stattfindet . Hierbei ist nicht nur eine fundierte Ausbildung lebenswichtig,\u00a0 sondern auch eine einwandfrei funktionierende Ausr\u00fcstung! Denke hierbei besonders an Jackets, Atemregler und Tauchcomputer.<\/p>\n<p style=\"text-align: center;\">Teile verschlei\u00dfen, Batterien und Akkus entleeren sich, Dichtungen werden mit der Zeit por\u00f6s, Schmiermittel verh\u00e4rten, \u2026 &#8211; all das kann zu Problemen f\u00fchren, die entweder das Taucherlebnis negativ beeinflussen oder gar Dein Leben gef\u00e4hrden k\u00f6nnen.<br \/>\nDie eigentliche Kunst nach der lizenzierten und fachlich odnungsgem\u00e4\u00dfen Durchf\u00fchrung einer Atemreglerrevision ist das perfekte Einstellen der jeweiligen Typen. Zum Abschlu\u00df wird jeder Regler lt. EN250A mit einem AMV (Atemminutenvolumen) von 62,5 L\/Min.\u00a0 mithilfe unserer <strong>Dr\u00e4ger Pr\u00fcfbank<\/strong> auf &#8222;Herz und Nieren&#8220; getestet, alle Werte digital ermittelt und per Pr\u00fcfprotokoll sowie unserem Servicebericht mitsamt der ausgetauschten Teile dem Kunden ausgeh\u00e4ndigt.<\/p>\n[\/vc_hoverbox][\/vc_column][vc_column width=&#8220;1\/4&#8243; css=&#8220;.vc_custom_1458568824910{padding-left: 150px !important;}&#8220;][\/vc_column][\/vc_row][vc_row][vc_column][vc_empty_space height=&#8220;25px&#8220;][\/vc_column][\/vc_row][vc_row][vc_column width=&#8220;1\/4&#8243;][vc_column_text]\n[\/vc_column_text][\/vc_column][vc_column width=&#8220;1\/2&#8243;][vc_text_separator title=&#8220;Festigkeitspr\u00fcfung Pressluftflaschen&#8220; color=&#8220;violet&#8220;][vc_hoverbox image=&#8220;2637&#8243; primary_title=&#8220;&#8220; hover_title=&#8220;&#8220;]\n<p style=\"text-align: center;\">Tauchflaschen ab einem &#8222;Volumen unter Druck&#8220; von 200barL m\u00fcssen in Deutschland alle 2 1\/2 Jahre einer Festigkeitspr\u00fcfung gem. \u00a716 BetrSichV unterzogen werden. Bei technischen Gasen (z.B. Druckluft f\u00fcr Paintball oder Schie\u00dfsport) sind es 10 Jahre, ersichtlich an der Einpr\u00e4gung auf der Flaschenschulter und der Lackierung (grauer K\u00f6rper, gr\u00fcne Flaschenschulter).<\/p>\n<p style=\"text-align: center;\">Wir \u00fcbernehmen den kompletten Service f\u00fcr Dich. Dazu werden die Ventile bei uns auf Funktion und Zulassung kontrolliert und demontiert, die Tanks von innen und au\u00dfen gesichtet und zum Sauerstoffwerk (Z\u00dcS) gebracht.<br \/>\nDie eigentliche Druckpr\u00fcfung des Flaschenk\u00f6rpers findet direkt dort vor Ort unter Aufsicht eines DEKRA-Sachverst\u00e4ndigen zu ausgeschriebenen <a href=\"https:\/\/www.ivans-dive-team.de\/de\/termine\/\" target=\"_blank\" rel=\"noopener\">Terminen<\/a> statt.<br \/>\nWir bekommen die Flaschen nach der Pr\u00fcfung innen gestrahlt, versiegelt, auf Wunsch sogar frisch lackiert zur\u00fcck und f\u00fchren abschliessend die Endreinigung, Ventilmontage und Gasbef\u00fcllung durch.<br \/>\nNach zwei bis vier Wochen (abh\u00e4ngig von den Folgeterminen) ist die Flasche wieder abholbereit bei uns.<\/p>\n<hr \/>\n<p style=\"text-align: left;\"><strong>Wichtige Infos auf einen Blick:<\/strong><\/p>\n<ul>\n<li style=\"text-align: left;\">Ohne g\u00fcltigen Pr\u00fcfstempel\/Aufkleber werden Druckluftflaschen nicht gef\u00fcllt<\/li>\n<li style=\"text-align: left;\">Inklusive bei uns: Innenstrahlung der Tanks <strong>nach<\/strong> Pr\u00fcfung und Trocknung<\/li>\n<li style=\"text-align: left;\">Rund-Um-Service<\/li>\n<li style=\"text-align: left;\">Ventilservice nach Bedarf<\/li>\n<\/ul>\n[\/vc_hoverbox][\/vc_column][vc_column width=&#8220;1\/4&#8243; css=&#8220;.vc_custom_1458568824910{padding-left: 150px !important;}&#8220;][\/vc_column][\/vc_row][vc_row][vc_column][vc_empty_space height=&#8220;25px&#8220;][\/vc_column][\/vc_row][vc_row][vc_column width=&#8220;1\/4&#8243;][vc_column_text]\n[\/vc_column_text][\/vc_column][vc_column width=&#8220;1\/2&#8243;][vc_text_separator title=&#8220;Gutscheine &amp; Wunschlisten-Service&#8220; color=&#8220;violet&#8220;][vc_hoverbox image=&#8220;4086&#8243; primary_title=&#8220;&#8220; hover_title=&#8220;&#8220;]\n<p>&nbsp;<\/p>\n<p style=\"text-align: center;\">Du\u00a0suchst noch ein Geschenk zum Geburtstag, Weihnachten oder als<br \/>\nkleines Dankesch\u00f6n f\u00fcr Deinen liebsten Buddy?<br \/>\n&#8211; kein Problem, wir stellen auch Gutscheine f\u00fcr all unsere Services aus.<\/p>\n<p style=\"text-align: center;\"><strong>+++ NEU +++<\/strong><br \/>\nAuf Wunsch gibt&#8217;s die Gutscheine auch bereits schick verpackt.<\/p>\n<p>&nbsp;<\/p>\n<p style=\"text-align: center;\">Du willst trotzdem nicht schon wieder einen Gutschein verschenken?<br \/>\nWom\u00f6glich hat der Beschenkte bei uns auch schon einen <strong><a href=\"https:\/\/www.ivans-dive-team.de\/de\/wunschliste\/\">Wunschzettel <\/a><\/strong>hinterlegt. Frag nach!<\/p>\n[\/vc_hoverbox][\/vc_column][vc_column width=&#8220;1\/4&#8243; css=&#8220;.vc_custom_1458568824910{padding-left: 150px !important;}&#8220;][\/vc_column][\/vc_row][vc_row][vc_column][vc_empty_space height=&#8220;25px&#8220;][\/vc_column][\/vc_row][vc_row][vc_column width=&#8220;1\/4&#8243;][vc_column_text]\n[\/vc_column_text][\/vc_column][vc_column width=&#8220;1\/2&#8243;][vc_text_separator title=&#8220;Ausr\u00fcstungsverleih&#8220; color=&#8220;violet&#8220; el_id=&#8220;#verleih&#8220;][vc_hoverbox image=&#8220;2013&#8243; primary_title=&#8220;&#8220; hover_title=&#8220;&#8220; el_id=&#8220;#verleih&#8220;]<a id=\"\u201d#verleih\u201d\" name=\"\u201d#verleih\u201c\"><\/a><\/p>\n<p style=\"text-align: center;\">Unsere Leihausr\u00fcstung verl\u00e4sst stets in einwandfreiem technischen und \u00fcberpr\u00fcften Zustand unseren Shop. So erwarten wir sie auch wieder zur\u00fcck. Sollte etwas besch\u00e4digt werden, informiere uns bitte, so dass wir sofort entsprechend reagieren k\u00f6nnen.<\/p>\n<p style=\"text-align: center;\">Um sicher zu stellen, dass f\u00fcr den gew\u00fcnschten Zeitraum das f\u00fcr Dich passende Equipment nicht anderweitig verliehen ist, reserviere gew\u00fcnschtes Leihmaterial bitte fr\u00fchzeitig.<\/p>\n<p style=\"text-align: center;\">Unsere Verleihpreisliste findest Du <a href=\"https:\/\/www.ivans-dive-team.de\/de\/wp-content\/uploads\/2024\/04\/Ausruestungsverleih.pdf\" target=\"_blank\" rel=\"noopener\">hier als Download.<\/a><\/p>\n[\/vc_hoverbox][\/vc_column][vc_column width=&#8220;1\/4&#8243; css=&#8220;.vc_custom_1458568824910{padding-left: 150px !important;}&#8220;][\/vc_column][\/vc_row][vc_row][vc_column][vc_empty_space height=&#8220;25px&#8220;][\/vc_column][\/vc_row][vc_row full_width=&#8220;stretch_row&#8220; content_placement=&#8220;middle&#8220; awb_type=&#8220;image&#8220; awb_image_background_position=&#8220;50% 50%&#8220; awb_parallax=&#8220;scroll&#8220; awb_parallax_speed=&#8220;0.5&#8243; dt_id=&#8220;wartung&#8220; dt_bg_repeat=&#8220;repeat-y&#8220; dt_text_scheme=&#8220;lighter-overlay&#8220; dt_row_type=&#8220;fullwidth&#8220; awb_image=&#8220;4175&#8243;][vc_column][vc_column_text]\n<h3><\/h3>\n<h3><\/h3>\n<h3><\/h3>\n<h3 style=\"text-align: center;\"><span style=\"color: #ffffff;\"><strong>Bei Fragen stehen wir Dir gerne zur Verf\u00fcgung und freuen uns auf Deinen Besuch bei Ivan&#8217;s Dive Team!<\/strong><\/span><\/h3>\n<h3 style=\"text-align: center;\"><span style=\"color: #ffffff;\"><strong>Der direkte &#8222;hei\u00dfe Draht&#8220; zum Shop: Tel. (0541) 38 80 02<\/strong><\/span><br \/>\n<span style=\"color: #ffffff;\"><strong>Di &#8211; Fr 15:00 &#8211; 18:30 Uhr und Sa 10:00 &#8211; 14:00 Uhr<\/strong><\/span><\/h3>\n<p>&nbsp;<\/p>\n[\/vc_column_text][\/vc_column][\/vc_row]\n","protected":false},"excerpt":{"rendered":"<p>[vc_row dt_id=&#8220;shop&#8220; dt_bg_repeat=&#8220;repeat-y&#8220; dt_text_scheme=&#8220;lighter-overlay&#8220; dt_row_type=&#8220;fullwidth&#8220;][vc_column width=&#8220;1\/6&#8243;][vc_column_text] [\/vc_column_text][\/vc_column][vc_column width=&#8220;2\/3&#8243;][vc_column_text] Der Tauchshop Nat\u00fcrlich, jede Wasserratte braucht auch einen kompetenten Ansprechpartner rund ums Equipment. Wir bieten auf circa 90 m\u00b2 Verkaufsfl\u00e4che die gr\u00f6\u00dfte&#8230;<\/p>\n","protected":false},"author":1,"featured_media":0,"parent":0,"menu_order":0,"comment_status":"closed","ping_status":"closed","template":"","meta":[],"_links":{"self":[{"href":"https:\/\/www.ivans-dive-team.de\/de\/wp-json\/wp\/v2\/pages\/22"}],"collection":[{"href":"https:\/\/www.ivans-dive-team.de\/de\/wp-json\/wp\/v2\/pages"}],"about":[{"href":"https:\/\/www.ivans-dive-team.de\/de\/wp-json\/wp\/v2\/types\/page"}],"author":[{"embeddable":true,"href":"https:\/\/www.ivans-dive-team.de\/de\/wp-json\/wp\/v2\/users\/1"}],"replies":[{"embeddable":true,"href":"https:\/\/www.ivans-dive-team.de\/de\/wp-json\/wp\/v2\/comments?post=22"}],"version-history":[{"count":121,"href":"https:\/\/www.ivans-dive-team.de\/de\/wp-json\/wp\/v2\/pages\/22\/revisions"}],"predecessor-version":[{"id":5419,"href":"https:\/\/www.ivans-dive-team.de\/de\/wp-json\/wp\/v2\/pages\/22\/revisions\/5419"}],"wp:attachment":[{"href":"https:\/\/www.ivans-dive-team.de\/de\/wp-json\/wp\/v2\/media?parent=22"}],"curies":[{"name":"wp","href":"https:\/\/api.w.org\/{rel}","templated":true}]}}