{"id":2660,"date":"2020-02-12T11:18:25","date_gmt":"2020-02-12T10:18:25","guid":{"rendered":"https:\/\/www.ivans-dive-team.de\/de\/?page_id=2660"},"modified":"2026-02-03T16:59:38","modified_gmt":"2026-02-03T15:59:38","slug":"unsere-kooperationspartner","status":"publish","type":"page","link":"https:\/\/www.ivans-dive-team.de\/de\/unsere-kooperationspartner\/","title":{"rendered":"Unsere Kooperationspartner"},"content":{"rendered":"[vc_row dt_bg_repeat=&#8220;repeat-y&#8220; dt_text_scheme=&#8220;lighter-overlay&#8220; dt_row_type=&#8220;in_container&#8220;][vc_column][vc_column_text]\n<h1 style=\"text-align: center;\">Unsere Kooperations\u00adpartner<\/h1>\n<h3 style=\"text-align: center;\">Hier m\u00f6chten wir Euch eine kurze \u00dcbersicht \u00fcber die Unternehmen geben, mit denen wir viel und gerne zusammen arbeiten. Ohne diese Teams w\u00fcrde unser Job wahrscheinlich weitaus weniger Spa\u00df machen.<\/h3>\n[\/vc_column_text][\/vc_column][\/vc_row][vc_row full_width=&#8220;stretch_row&#8220; awb_type=&#8220;image&#8220; awb_stretch=&#8220;1&#8243; awb_image_background_position=&#8220;50% 50%&#8220; awb_parallax=&#8220;scroll&#8220; awb_parallax_speed=&#8220;0.5&#8243; css=&#8220;.vc_custom_1676113333404{background-position: center !important;background-repeat: no-repeat !important;background-size: cover !important;}&#8220; awb_image=&#8220;2662&#8243;][vc_column][vc_column_text]\n<p>&nbsp;<\/p>\n<p>&nbsp;<\/p>\n<p>&nbsp;<\/p>\n<p>&nbsp;<\/p>\n<p>&nbsp;<\/p>\n[\/vc_column_text][\/vc_column][\/vc_row][vc_row][vc_column width=&#8220;1\/6&#8243;][vc_column_text]\n[\/vc_column_text][\/vc_column][vc_column width=&#8220;1\/3&#8243;][vc_column_text]<strong>H2O Herford<br \/>\n<\/strong>Das Schwimmbad in Herford ist unser langj\u00e4hrigster Partner: seit der Er\u00f6ffnung des Freizeitbads 1997 sind wir mit unseren Tauchprojekten mit dabei.<br \/>\nW\u00f6chentlich angebotene Schnuppertauchen, regelm\u00e4\u00dfige Tauchkurse sowie weiterbildende Kurse finden dort statt. Uns steht ein hauseigener\u00a0 Schulungsraum inkl. Beamer zur Verf\u00fcgung.<br \/>\nSeit Juli 2019 unterst\u00fctzt uns das Bad mit seinen diversen beheizten Schwimmbecken bei der Durchf\u00fchrung von Relaqua\u00ae &#8211; dem Entspannungskonzept am und im Wasser.[\/vc_column_text][\/vc_column][vc_column width=&#8220;1\/3&#8243;][vc_column_text]<a href=\"https:\/\/www.h2o-herford.de\/\" target=\"_blank\" rel=\"noopener\"><img decoding=\"async\" loading=\"lazy\" class=\"aligncenter wp-image-2678 size-medium\" src=\"https:\/\/www.ivans-dive-team.de\/de\/wp-content\/uploads\/2020\/02\/Logo-H2O-300x54.jpg\" alt=\"\" width=\"300\" height=\"54\" srcset=\"https:\/\/www.ivans-dive-team.de\/de\/wp-content\/uploads\/2020\/02\/Logo-H2O-300x54.jpg 300w, https:\/\/www.ivans-dive-team.de\/de\/wp-content\/uploads\/2020\/02\/Logo-H2O-768x139.jpg 768w, https:\/\/www.ivans-dive-team.de\/de\/wp-content\/uploads\/2020\/02\/Logo-H2O-1024x186.jpg 1024w, https:\/\/www.ivans-dive-team.de\/de\/wp-content\/uploads\/2020\/02\/Logo-H2O-780x142.jpg 780w, https:\/\/www.ivans-dive-team.de\/de\/wp-content\/uploads\/2020\/02\/Logo-H2O-1120x203.jpg 1120w, https:\/\/www.ivans-dive-team.de\/de\/wp-content\/uploads\/2020\/02\/Logo-H2O.jpg 1207w\" sizes=\"(max-width: 300px) 100vw, 300px\" \/><\/a><\/p>\n[\/vc_column_text][\/vc_column][vc_column width=&#8220;1\/6&#8243;][vc_column_text]\n[\/vc_column_text][\/vc_column][\/vc_row][vc_row][vc_column width=&#8220;1\/6&#8243;][vc_column_text]\n[\/vc_column_text][\/vc_column][vc_column width=&#8220;1\/3&#8243;][vc_column_text]<a href=\"http:\/\/www.badoexen.de\/\" target=\"_blank\" rel=\"noopener\"><img decoding=\"async\" loading=\"lazy\" class=\"aligncenter wp-image-2663 size-full\" src=\"https:\/\/www.ivans-dive-team.de\/de\/wp-content\/uploads\/2020\/02\/BadOexenLogo.png\" alt=\"\" width=\"219\" height=\"100\" \/><\/a>[\/vc_column_text][\/vc_column][vc_column width=&#8220;1\/3&#8243;][vc_column_text]<strong>Bad Oexen<br \/>\n<\/strong>Im hauseigenen Schwimmbad vom Kinderhaus in Bad Oexen, einer Fachklinik f\u00fcr onkologische Rehabilitation, bieten wir seit ein paar Jahren &#8222;das Tauchprojekt&#8220; an.\u00a0 Erkrankte Kinder k\u00f6nnen zusammen mit ihren Familien die ersten Eindr\u00fccke vom Tauchen gewinnen. &#8222;Einmal unter Wasser atmen und schwerelos sein&#8220; ist ein h\u00e4ufiger Wunsch, den die Teilnehmer des Projektes w\u00e4hrend\/nach einer langen Behandlung haben.<br \/>\nWir sind gl\u00fccklich dar\u00fcber, die Familien von dem Klinik-Alltag ablenken und bleibende Erinnerungen schaffen zu k\u00f6nnen.[\/vc_column_text][\/vc_column][vc_column width=&#8220;1\/6&#8243;][vc_column_text]\n[\/vc_column_text][\/vc_column][\/vc_row][vc_row][vc_column width=&#8220;1\/6&#8243;][vc_column_text]\n[\/vc_column_text][\/vc_column][vc_column width=&#8220;1\/3&#8243;][vc_column_text]<strong>Bist Du tauchtauglich?<br \/>\n<\/strong>Als Taucher:in sollten wir regelm\u00e4\u00dfig unsere Tauchtauglichkeit \u00fcberpr\u00fcfen lassen. Dies geschieht in der Regel nach Vorgaben der GT\u00dcM (Gesellschaft f\u00fcr Tauch- und \u00dcberdruckmedizin). In Osnabr\u00fcck haben wir gleich drei Fach\u00e4rzte, die zum Teil selbst Taucher:in sind und somit &#8222;wirklich wissen&#8220;, wovon sie reden. Ein deutschlandweite \u00dcbersicht findet Du hier: <a href=\"https:\/\/www.gtuem.org\/gtuem-taucharzt.html\" target=\"_blank\" rel=\"noopener\">Arztliste-GT\u00dcM<\/a>[\/vc_column_text][\/vc_column][vc_column width=&#8220;1\/3&#8243;][vc_column_text]<a href=\"https:\/\/www.gtuem.org\/\" target=\"_blank\" rel=\"noopener\"><img decoding=\"async\" loading=\"lazy\" class=\"alignnone size-medium wp-image-5698 aligncenter\" src=\"https:\/\/www.ivans-dive-team.de\/de\/wp-content\/uploads\/2026\/02\/header_logo-300x128.png\" alt=\"\" width=\"300\" height=\"128\" srcset=\"https:\/\/www.ivans-dive-team.de\/de\/wp-content\/uploads\/2026\/02\/header_logo-300x128.png 300w, https:\/\/www.ivans-dive-team.de\/de\/wp-content\/uploads\/2026\/02\/header_logo.png 376w\" sizes=\"(max-width: 300px) 100vw, 300px\" \/><\/a>[\/vc_column_text][\/vc_column][vc_column width=&#8220;1\/6&#8243;][vc_column_text]\n[\/vc_column_text][\/vc_column][\/vc_row][vc_row][vc_column width=&#8220;1\/6&#8243;][vc_column_text]\n[\/vc_column_text][\/vc_column][vc_column width=&#8220;1\/3&#8243;][vc_column_text]<a href=\"https:\/\/customer.aqua-med.eu\/customers\/contacts\/registerform?VP=VP2002181&amp;lang=de\" target=\"_blank\" rel=\"noopener\"><img decoding=\"async\" loading=\"lazy\" class=\"aligncenter wp-image-2705 size-medium\" src=\"https:\/\/www.ivans-dive-team.de\/de\/wp-content\/uploads\/2020\/02\/aquamed_logo_standard_rgb_800x200-300x75.png\" alt=\"\" width=\"300\" height=\"75\" srcset=\"https:\/\/www.ivans-dive-team.de\/de\/wp-content\/uploads\/2020\/02\/aquamed_logo_standard_rgb_800x200-300x75.png 300w, https:\/\/www.ivans-dive-team.de\/de\/wp-content\/uploads\/2020\/02\/aquamed_logo_standard_rgb_800x200-768x192.png 768w, https:\/\/www.ivans-dive-team.de\/de\/wp-content\/uploads\/2020\/02\/aquamed_logo_standard_rgb_800x200-780x195.png 780w, https:\/\/www.ivans-dive-team.de\/de\/wp-content\/uploads\/2020\/02\/aquamed_logo_standard_rgb_800x200.png 800w\" sizes=\"(max-width: 300px) 100vw, 300px\" \/><\/a>[\/vc_column_text][vc_column_text]<a href=\"https:\/\/app.diveassure.com\/da2\/en\/registration\/main\/process\/0\/int\/0\/5703\" target=\"_blank\" rel=\"noopener\"><img decoding=\"async\" loading=\"lazy\" class=\"aligncenter wp-image-5363\" src=\"https:\/\/www.ivans-dive-team.de\/de\/wp-content\/uploads\/2025\/06\/images.png\" alt=\"\" width=\"300\" height=\"118\" \/><\/a>[\/vc_column_text][\/vc_column][vc_column width=&#8220;1\/3&#8243;][vc_column_text]<strong>Tauchversicherung<\/strong><br \/>\nSollte doch mal etwas passieren, ist es besser eine gute Versicherung abgeschlossen zu haben, die auch f\u00fcr Tauchunf\u00e4lle haftet (Achtung, denn &#8222;normale&#8220; Versicherungen und Krankenkassen bieten f\u00fcr Tauchunf\u00e4lle <strong>keinen<\/strong> Versicherungsschutz).<br \/>\nWir sind \u00fcberzeugter Vertriebspartner von <a href=\"https:\/\/customer.aqua-med.eu\/customers\/contacts\/registerform?VP=VP2002181&amp;lang=de\">aqua med <\/a>und <a href=\"https:\/\/app.diveassure.com\/da2\/en\/registration\/main\/process\/0\/int\/0\/5703\">DiveAssure\u00a0<\/a>da Ihr hier eine richtig gute, weltweite Assistance habt (24\/7, und zwar nicht nur f\u00fcr reine Tauchnotf\u00e4lle) und zudem das Preis-Leistungs-Verh\u00e4ltnis einfach passt![\/vc_column_text][\/vc_column][vc_column width=&#8220;1\/6&#8243;][vc_column_text]\n[\/vc_column_text][\/vc_column][\/vc_row]\n","protected":false},"excerpt":{"rendered":"<p>[vc_row dt_bg_repeat=&#8220;repeat-y&#8220; dt_text_scheme=&#8220;lighter-overlay&#8220; dt_row_type=&#8220;in_container&#8220;][vc_column][vc_column_text] Unsere Kooperations\u00adpartner Hier m\u00f6chten wir Euch eine kurze \u00dcbersicht \u00fcber die Unternehmen geben, mit denen wir viel und gerne zusammen arbeiten. Ohne diese Teams w\u00fcrde unser&#8230;<\/p>\n","protected":false},"author":2,"featured_media":0,"parent":0,"menu_order":0,"comment_status":"closed","ping_status":"closed","template":"","meta":[],"_links":{"self":[{"href":"https:\/\/www.ivans-dive-team.de\/de\/wp-json\/wp\/v2\/pages\/2660"}],"collection":[{"href":"https:\/\/www.ivans-dive-team.de\/de\/wp-json\/wp\/v2\/pages"}],"about":[{"href":"https:\/\/www.ivans-dive-team.de\/de\/wp-json\/wp\/v2\/types\/page"}],"author":[{"embeddable":true,"href":"https:\/\/www.ivans-dive-team.de\/de\/wp-json\/wp\/v2\/users\/2"}],"replies":[{"embeddable":true,"href":"https:\/\/www.ivans-dive-team.de\/de\/wp-json\/wp\/v2\/comments?post=2660"}],"version-history":[{"count":42,"href":"https:\/\/www.ivans-dive-team.de\/de\/wp-json\/wp\/v2\/pages\/2660\/revisions"}],"predecessor-version":[{"id":5700,"href":"https:\/\/www.ivans-dive-team.de\/de\/wp-json\/wp\/v2\/pages\/2660\/revisions\/5700"}],"wp:attachment":[{"href":"https:\/\/www.ivans-dive-team.de\/de\/wp-json\/wp\/v2\/media?parent=2660"}],"curies":[{"name":"wp","href":"https:\/\/api.w.org\/{rel}","templated":true}]}}