{"id":2949,"date":"2020-08-01T13:57:23","date_gmt":"2020-08-01T11:57:23","guid":{"rendered":"https:\/\/www.ivans-dive-team.de\/de\/?page_id=2949"},"modified":"2026-02-28T11:09:30","modified_gmt":"2026-02-28T10:09:30","slug":"tauchbedarf","status":"publish","type":"page","link":"https:\/\/www.ivans-dive-team.de\/de\/tauchbedarf\/","title":{"rendered":"Tauchbedarf"},"content":{"rendered":"[vc_row][vc_column][vc_column_text]\n<h1 style=\"text-align: center;\">Kein klassischer Onlineshop&#8230;<\/h1>\n<h3 style=\"text-align: center;\">aber vielleicht genau das Richtige f\u00fcr Dich!<\/h3>\n<p>&nbsp;<\/p>\n<p style=\"text-align: center;\">F\u00fcr Schn\u00e4ppchen, Besonderheiten und Einzelst\u00fccke solltest Du regelm\u00e4\u00dfig einen Blick auf diese Seite werfen.<br \/>\nDie Produkte sind neu oder aus zweiter Hand und dann &#8211; selbstverst\u00e4ndlich &#8211; von uns frisch gewartet\/revidiert.<br \/>\nAuf alle Teile gibt es die \u00fcbliche Gew\u00e4hrleistung (neu 24 Monate, gebraucht 12 Monate).<\/p>\n<p style=\"text-align: center;\">Der Verkauf erfolgt ausschlie\u00dflich bei uns im Tauchshop.<br \/>\nKontaktiere uns direkt, damit es Dir nicht vor der Nase weggeschnappt wird (<a href=\"https:\/\/www.ivans-dive-team.de\/de\/kontakt\/\">hier klicken<\/a>).<\/p>\n<p style=\"text-align: center;\"><strong>Viel Spa\u00df beim St\u00f6bern!<\/strong><\/p>\n[\/vc_column_text][\/vc_column][\/vc_row][vc_row][vc_column][vc_empty_space][\/vc_column][\/vc_row][vc_row dt_bg_repeat=&#8220;repeat-y&#8220; dt_text_scheme=&#8220;lighter-overlay&#8220; dt_row_type=&#8220;in_container&#8220;][vc_column width=&#8220;1\/6&#8243;][vc_column_text]\n[\/vc_column_text][\/vc_column][vc_column width=&#8220;1\/3&#8243;][vc_single_image image=&#8220;5266&#8243; img_size=&#8220;medium&#8220; alignment=&#8220;center&#8220;][\/vc_column][vc_column width=&#8220;1\/3&#8243;][vc_column_text]<strong>\u00a0Pressluftflaschen<br \/>\n<\/strong><\/p>\n<ul>\n<li>wie neu<\/li>\n<li>diverse Gr\u00f6\u00dfen<\/li>\n<li>200 oder 300 bar<\/li>\n<li>Mono- oder Doppelabgang<\/li>\n<li>Stahl, Alu oder Composit<\/li>\n<li>auch f\u00fcr Schie\u00dfsport (10 Jahre Pr\u00fcfstempel)<\/li>\n<\/ul>\n[\/vc_column_text][\/vc_column][vc_column width=&#8220;1\/6&#8243;][vc_column_text]\n[\/vc_column_text][\/vc_column][\/vc_row][vc_row][vc_column][vc_column_text]\n[\/vc_column_text][vc_separator color=&#8220;violet&#8220; border_width=&#8220;3&#8243;][vc_column_text]\n[\/vc_column_text][\/vc_column][\/vc_row][vc_row dt_bg_repeat=&#8220;repeat-y&#8220; dt_text_scheme=&#8220;lighter-overlay&#8220; dt_row_type=&#8220;in_container&#8220;][vc_column width=&#8220;1\/6&#8243;][vc_column_text]\n[\/vc_column_text][\/vc_column][vc_column width=&#8220;1\/3&#8243;][vc_gallery interval=&#8220;3&#8243; images=&#8220;3634,3632,3633&#8243; img_size=&#8220;medium&#8220;][\/vc_column][vc_column width=&#8220;1\/3&#8243;][vc_column_text]<strong>\u00a0Ocean Reef ARIA<br \/>\n<\/strong><\/p>\n<ul>\n<li>Vollgesichtsmaske zum Schnorcheln<\/li>\n<li>kein Beschlagen und kein Wassereinbruch<\/li>\n<li>diverses Zubeh\u00f6r wie Kamerahalter oder Brillengestell optional erh\u00e4ltlich<\/li>\n<li>Gr. XS in blau (nur noch 1 x verf\u00fcgbar)<\/li>\n<li><strong>74,00 \u20ac (UVP = 99,00\u20ac)<br \/>\n<\/strong><\/li>\n<\/ul>\n[\/vc_column_text][\/vc_column][vc_column width=&#8220;1\/6&#8243;][vc_column_text]\n[\/vc_column_text][\/vc_column][\/vc_row][vc_row][vc_column][vc_column_text]\n[\/vc_column_text][vc_separator color=&#8220;violet&#8220; border_width=&#8220;3&#8243;][vc_column_text]\n[\/vc_column_text][\/vc_column][\/vc_row][vc_row dt_bg_repeat=&#8220;repeat-y&#8220; dt_text_scheme=&#8220;lighter-overlay&#8220; dt_row_type=&#8220;in_container&#8220;][vc_column width=&#8220;1\/6&#8243;][vc_column_text]\n[\/vc_column_text][\/vc_column][vc_column width=&#8220;1\/3&#8243;][vc_single_image image=&#8220;3880&#8243; img_size=&#8220;medium&#8220; alignment=&#8220;center&#8220;][\/vc_column][vc_column width=&#8220;1\/3&#8243;][vc_column_text]<strong>Tauchmasken<br \/>\n<\/strong><\/p>\n<ul>\n<li>Tauchmasken mit hochwertigem Silikonk\u00f6rper und\u00a0tempered glass<\/li>\n<li>verschiedene Modelle<\/li>\n<li>verschiedene Hersteller<\/li>\n<li>nur so lange der Vorrat reicht<\/li>\n<li><strong>15,00 \u20ac<br \/>\n<\/strong><\/li>\n<\/ul>\n[\/vc_column_text][\/vc_column][vc_column width=&#8220;1\/6&#8243;][vc_column_text]\n[\/vc_column_text][\/vc_column][\/vc_row][vc_row][vc_column][vc_column_text]\n[\/vc_column_text][vc_separator color=&#8220;violet&#8220; border_width=&#8220;3&#8243;][vc_column_text]\n[\/vc_column_text][\/vc_column][\/vc_row][vc_row dt_bg_repeat=&#8220;repeat-y&#8220; dt_text_scheme=&#8220;lighter-overlay&#8220; dt_row_type=&#8220;in_container&#8220;][vc_column width=&#8220;1\/6&#8243;][vc_column_text]\n[\/vc_column_text][\/vc_column][vc_column width=&#8220;1\/3&#8243;][vc_single_image image=&#8220;3736&#8243; img_size=&#8220;medium&#8220; alignment=&#8220;center&#8220;][\/vc_column][vc_column width=&#8220;1\/3&#8243;][vc_column_text]<strong>Ger\u00e4teflossen (Paar)<\/strong><\/p>\n<ul>\n<li>Ger\u00e4teflossen renommierter Hersteller<\/li>\n<li>verschiedene Gr\u00f6\u00dfen<\/li>\n<li>verschiedene Farben<\/li>\n<li>nur so lange der Vorrat reicht<\/li>\n<li><strong><strong>bis zu 50 % auf UVP<\/strong><\/strong><\/li>\n<\/ul>\n[\/vc_column_text][\/vc_column][vc_column width=&#8220;1\/6&#8243;][vc_column_text]\n[\/vc_column_text][\/vc_column][\/vc_row][vc_row][vc_column][vc_column_text]\n[\/vc_column_text][vc_separator color=&#8220;violet&#8220; border_width=&#8220;3&#8243;][vc_column_text]\n[\/vc_column_text][\/vc_column][\/vc_row][vc_row dt_bg_repeat=&#8220;repeat-y&#8220; dt_text_scheme=&#8220;lighter-overlay&#8220; dt_row_type=&#8220;in_container&#8220;][vc_column width=&#8220;1\/6&#8243;][vc_column_text]\n[\/vc_column_text][\/vc_column][vc_column width=&#8220;1\/3&#8243;][vc_single_image image=&#8220;3738&#8243; img_size=&#8220;medium&#8220; alignment=&#8220;center&#8220;][\/vc_column][vc_column width=&#8220;1\/3&#8243;][vc_column_text]<strong>Handschuhe\u00a0(Paar)<\/strong><\/p>\n<ul>\n<li>Handschuhe\u00a0renommierter Hersteller<\/li>\n<li>verschiedene Gr\u00f6\u00dfen<\/li>\n<li>verschiedene\u00a0Materialst\u00e4rken<\/li>\n<li>nur so lange der Vorrat reicht<\/li>\n<li><strong>15,-\u20ac<br \/>\n<\/strong><\/li>\n<\/ul>\n[\/vc_column_text][\/vc_column][vc_column width=&#8220;1\/6&#8243;][vc_column_text]\n[\/vc_column_text][\/vc_column][\/vc_row][vc_row][vc_column][vc_column_text]\n[\/vc_column_text][vc_separator color=&#8220;violet&#8220; border_width=&#8220;3&#8243;][vc_column_text]\n[\/vc_column_text][\/vc_column][\/vc_row][vc_row dt_bg_repeat=&#8220;repeat-y&#8220; dt_text_scheme=&#8220;lighter-overlay&#8220; dt_row_type=&#8220;in_container&#8220;][vc_column width=&#8220;1\/6&#8243;][vc_column_text]\n[\/vc_column_text][\/vc_column][vc_column width=&#8220;1\/3&#8243;][vc_gallery interval=&#8220;0&#8243; images=&#8220;5081,5079,5080&#8243; img_size=&#8220;full&#8220;][\/vc_column][vc_column width=&#8220;1\/3&#8243;][vc_column_text]<strong>Beuchat\u00a0<\/strong><\/p>\n<ul>\n<li>Alize Shorty<\/li>\n<li>3 mm<\/li>\n<li>XS, S, M, L, XL, XXL<\/li>\n<li>nur so lange der Vorrat reicht<\/li>\n<li><strong>je 90,-\u20ac (UVP = 129,90 \u20ac)<\/strong><\/li>\n<\/ul>\n[\/vc_column_text][\/vc_column][vc_column width=&#8220;1\/6&#8243;][vc_column_text]\n[\/vc_column_text][\/vc_column][\/vc_row][vc_row][vc_column][vc_column_text]\n[\/vc_column_text][vc_separator color=&#8220;violet&#8220; border_width=&#8220;3&#8243;][vc_column_text]\n[\/vc_column_text][\/vc_column][\/vc_row][vc_row dt_bg_repeat=&#8220;repeat-y&#8220; dt_text_scheme=&#8220;lighter-overlay&#8220; dt_row_type=&#8220;in_container&#8220;][vc_column width=&#8220;1\/6&#8243;][vc_column_text]\n[\/vc_column_text][\/vc_column][vc_column width=&#8220;1\/3&#8243;][vc_gallery interval=&#8220;0&#8243; images=&#8220;5084,5082,5083&#8243; img_size=&#8220;full&#8220;][\/vc_column][vc_column width=&#8220;1\/3&#8243;][vc_column_text]<strong>Beuchat\u00a0<\/strong><\/p>\n<ul>\n<li>Optima Shorty<\/li>\n<li>3 mm<\/li>\n<li>S, M, XL, XXL, XXXL<\/li>\n<li>nur so lange der Vorrat reicht<\/li>\n<li><strong>je 90,-\u20ac (UVP = 129,90 \u20ac)<\/strong><\/li>\n<\/ul>\n[\/vc_column_text][\/vc_column][vc_column width=&#8220;1\/6&#8243;][vc_column_text]\n[\/vc_column_text][\/vc_column][\/vc_row][vc_row][vc_column][vc_column_text]\n[\/vc_column_text][vc_separator color=&#8220;violet&#8220; border_width=&#8220;3&#8243;][vc_column_text]\n[\/vc_column_text][\/vc_column][\/vc_row][vc_row dt_bg_repeat=&#8220;repeat-y&#8220; dt_text_scheme=&#8220;lighter-overlay&#8220; dt_row_type=&#8220;in_container&#8220;][vc_column width=&#8220;1\/6&#8243;][vc_column_text]\n[\/vc_column_text][\/vc_column][vc_column width=&#8220;1\/3&#8243;][vc_gallery interval=&#8220;0&#8243; images=&#8220;3245,3244,3243&#8243; img_size=&#8220;medium&#8220;][\/vc_column][vc_column width=&#8220;1\/3&#8243;][vc_column_text]<strong>Aqualung <\/strong><\/p>\n<ul>\n<li>Kindertauchanzug (Overall)<\/li>\n<li>5mm Nasstauchanzug<\/li>\n<li>1 x Gr. 12<\/li>\n<li>1 x Gr. 14<\/li>\n<li><strong>je 59,-\u20ac<\/strong><\/li>\n<\/ul>\n[\/vc_column_text][\/vc_column][vc_column width=&#8220;1\/6&#8243;][vc_column_text]\n[\/vc_column_text][\/vc_column][\/vc_row][vc_row][vc_column][vc_column_text]\n[\/vc_column_text][vc_separator color=&#8220;violet&#8220; border_width=&#8220;3&#8243;][vc_column_text]\n[\/vc_column_text][\/vc_column][\/vc_row][vc_row dt_bg_repeat=&#8220;repeat-y&#8220; dt_text_scheme=&#8220;lighter-overlay&#8220; dt_row_type=&#8220;in_container&#8220;][vc_column width=&#8220;1\/6&#8243;][vc_column_text]\n[\/vc_column_text][\/vc_column][vc_column width=&#8220;1\/3&#8243;][vc_single_image image=&#8220;4300&#8243; img_size=&#8220;medium&#8220;][\/vc_column][vc_column width=&#8220;1\/3&#8243;][vc_column_text]<strong>Mares Flexa 865<br \/>\n<\/strong><\/p>\n<ul>\n<li>Neuware, Ausf\u00fchrung und Farben 2023<\/li>\n<li>Damen- und Herrenmodelle<\/li>\n<li>diverse Gr\u00f6\u00dfen<\/li>\n<li><strong>299,00 \u20ac (UVP = 499,00)<br \/>\n<\/strong><\/li>\n<\/ul>\n[\/vc_column_text][\/vc_column][vc_column width=&#8220;1\/6&#8243;][vc_column_text]\n[\/vc_column_text][\/vc_column][\/vc_row][vc_row][vc_column][vc_column_text]\n[\/vc_column_text][vc_separator color=&#8220;violet&#8220; border_width=&#8220;3&#8243;][vc_column_text]\n[\/vc_column_text][\/vc_column][\/vc_row][vc_row dt_bg_repeat=&#8220;repeat-y&#8220; dt_text_scheme=&#8220;lighter-overlay&#8220; dt_row_type=&#8220;in_container&#8220;][vc_column width=&#8220;1\/6&#8243;][vc_column_text]\n[\/vc_column_text][\/vc_column][vc_column width=&#8220;1\/3&#8243;][vc_single_image image=&#8220;3248&#8243; img_size=&#8220;medium&#8220; alignment=&#8220;center&#8220;][\/vc_column][vc_column width=&#8220;1\/3&#8243;][vc_column_text]<strong>Waterproof T-Zor<\/strong><\/p>\n<ul>\n<li>7mm Nasstauchanzug<\/li>\n<li>Damenmodell Gr. 44<\/li>\n<li><strong>59,-\u20ac<\/strong><\/li>\n<\/ul>\n[\/vc_column_text][\/vc_column][vc_column width=&#8220;1\/6&#8243;][vc_column_text]\n[\/vc_column_text][\/vc_column][\/vc_row][vc_row][vc_column][vc_column_text]\n[\/vc_column_text][vc_separator color=&#8220;violet&#8220; border_width=&#8220;3&#8243;][vc_column_text]\n[\/vc_column_text][\/vc_column][\/vc_row][vc_row dt_bg_repeat=&#8220;repeat-y&#8220; dt_text_scheme=&#8220;lighter-overlay&#8220; dt_row_type=&#8220;in_container&#8220;][vc_column width=&#8220;1\/6&#8243;][vc_column_text]\n[\/vc_column_text][\/vc_column][vc_column width=&#8220;1\/3&#8243;][vc_single_image image=&#8220;3235&#8243; img_size=&#8220;medium&#8220; alignment=&#8220;center&#8220;][\/vc_column][vc_column width=&#8220;1\/3&#8243;][vc_column_text]<strong>Mero Magic <\/strong><\/p>\n<ul>\n<li>7mm Halbtrocken<\/li>\n<li>Damenmodell\u00a0Gr. 34\/36<\/li>\n<li><strong>79,-\u20ac<\/strong><\/li>\n<\/ul>\n[\/vc_column_text][\/vc_column][vc_column width=&#8220;1\/6&#8243;][vc_column_text]\n[\/vc_column_text][\/vc_column][\/vc_row][vc_row][vc_column][vc_column_text]\n[\/vc_column_text][vc_separator color=&#8220;violet&#8220; border_width=&#8220;3&#8243;][vc_column_text]\n[\/vc_column_text][\/vc_column][\/vc_row][vc_row dt_bg_repeat=&#8220;repeat-y&#8220; dt_text_scheme=&#8220;lighter-overlay&#8220; dt_row_type=&#8220;in_container&#8220;][vc_column width=&#8220;1\/6&#8243;][vc_column_text]\n[\/vc_column_text][\/vc_column][vc_column width=&#8220;1\/3&#8243;][vc_gallery interval=&#8220;0&#8243; images=&#8220;3236,3267&#8243; img_size=&#8220;medium&#8220;][\/vc_column][vc_column width=&#8220;1\/3&#8243;][vc_column_text]<strong>Mero Media <\/strong><\/p>\n<ul>\n<li>5mm Nasstauchanzug<\/li>\n<li>Damenmodell Gr. 38<\/li>\n<li><strong>59,-\u20ac<\/strong><\/li>\n<\/ul>\n[\/vc_column_text][\/vc_column][vc_column width=&#8220;1\/6&#8243;][vc_column_text]\n[\/vc_column_text][\/vc_column][\/vc_row][vc_row][vc_column][vc_column_text]\n[\/vc_column_text][vc_separator color=&#8220;violet&#8220; border_width=&#8220;3&#8243;][vc_column_text]\n[\/vc_column_text][\/vc_column][\/vc_row][vc_row dt_bg_repeat=&#8220;repeat-y&#8220; dt_text_scheme=&#8220;lighter-overlay&#8220; dt_row_type=&#8220;in_container&#8220;][vc_column width=&#8220;1\/6&#8243;][vc_column_text]\n[\/vc_column_text][\/vc_column][vc_column width=&#8220;1\/3&#8243;][vc_single_image image=&#8220;3246&#8243; img_size=&#8220;medium&#8220; alignment=&#8220;center&#8220;][\/vc_column][vc_column width=&#8220;1\/3&#8243;][vc_column_text]<strong>Mero Magic<\/strong><\/p>\n<ul>\n<li>5mm Nasstauchanzug<\/li>\n<li>Damenmodell Gr. 38<\/li>\n<\/ul>\n<ul>\n<li>5mm Halbtrockentauchanzug<\/li>\n<li>Damenmodell Gr. 38<\/li>\n<\/ul>\n<ul>\n<li><strong>59,-\u20ac<\/strong><\/li>\n<\/ul>\n[\/vc_column_text][\/vc_column][vc_column width=&#8220;1\/6&#8243;][vc_column_text]\n[\/vc_column_text][\/vc_column][\/vc_row][vc_row][vc_column][vc_column_text]\n[\/vc_column_text][vc_separator color=&#8220;violet&#8220; border_width=&#8220;3&#8243;][vc_column_text]\n[\/vc_column_text][\/vc_column][\/vc_row][vc_row dt_bg_repeat=&#8220;repeat-y&#8220; dt_text_scheme=&#8220;lighter-overlay&#8220; dt_row_type=&#8220;in_container&#8220;][vc_column width=&#8220;1\/6&#8243;][vc_column_text]\n[\/vc_column_text][\/vc_column][vc_column width=&#8220;1\/3&#8243;][vc_single_image image=&#8220;3247&#8243; img_size=&#8220;medium&#8220; alignment=&#8220;center&#8220;][\/vc_column][vc_column width=&#8220;1\/3&#8243;][vc_column_text]<strong>Camaro Pacific<\/strong><\/p>\n<ul>\n<li>5mm Nasstauchanzug<\/li>\n<li>Damenmodell Gr. 42<\/li>\n<li><strong>59,-\u20ac<\/strong><\/li>\n<\/ul>\n[\/vc_column_text][\/vc_column][vc_column width=&#8220;1\/6&#8243;][vc_column_text]\n[\/vc_column_text][\/vc_column][\/vc_row][vc_row][vc_column][vc_column_text]\n[\/vc_column_text][vc_separator color=&#8220;violet&#8220; border_width=&#8220;3&#8243;][vc_column_text]\n[\/vc_column_text][\/vc_column][\/vc_row][vc_row dt_bg_repeat=&#8220;repeat-y&#8220; dt_text_scheme=&#8220;lighter-overlay&#8220; dt_row_type=&#8220;in_container&#8220;][vc_column width=&#8220;1\/6&#8243;][vc_column_text]\n[\/vc_column_text][\/vc_column][vc_column width=&#8220;1\/3&#8243;][vc_single_image image=&#8220;3614&#8243; img_size=&#8220;medium&#8220; alignment=&#8220;center&#8220;][\/vc_column][vc_column width=&#8220;1\/3&#8243;][vc_column_text]<strong>Aqualung<\/strong><\/p>\n<ul>\n<li>Rash Guard<\/li>\n<li>Loose Fit, bequem geschnitten<\/li>\n<li>verschiedene Modelle<\/li>\n<li><strong>39,-\u20ac<br \/>\n<\/strong><\/li>\n<\/ul>\n[\/vc_column_text][\/vc_column][vc_column width=&#8220;1\/6&#8243;][vc_column_text]\n[\/vc_column_text][\/vc_column][\/vc_row][vc_row][vc_column][vc_column_text]\n[\/vc_column_text][vc_separator color=&#8220;violet&#8220; border_width=&#8220;3&#8243;][vc_column_text]\n[\/vc_column_text][\/vc_column][\/vc_row][vc_row dt_bg_repeat=&#8220;repeat-y&#8220; dt_text_scheme=&#8220;lighter-overlay&#8220; dt_row_type=&#8220;in_container&#8220;][vc_column width=&#8220;1\/6&#8243;][vc_column_text]\n[\/vc_column_text][\/vc_column][vc_column width=&#8220;1\/3&#8243;][vc_gallery interval=&#8220;3&#8243; images=&#8220;5373,5376,5374,5375&#8243; img_size=&#8220;medium&#8220;][\/vc_column][vc_column width=&#8220;1\/3&#8243;][vc_column_text]<strong>OCEANIC<br \/>\n<\/strong><\/p>\n<ul>\n<li>Atemreglerset mit zwei separaten ersten Stufen FDX10, balanciert, mit Dry-Chamber<\/li>\n<li>kaltwassertauglich EN 250<\/li>\n<li>300 bar tauglich<\/li>\n<li>zweite Stufe Delta, balanciert, einstellbar<\/li>\n<li>Octopus Alpha 8<\/li>\n<li>Finimeter und Inflatorschlauch<\/li>\n<li>komplett revidiert<\/li>\n<li><strong>485,00 \u20ac<br \/>\n<\/strong><\/li>\n<\/ul>\n[\/vc_column_text][\/vc_column][vc_column width=&#8220;1\/6&#8243;][vc_column_text]\n[\/vc_column_text][\/vc_column][\/vc_row][vc_row][vc_column][vc_column_text]\n[\/vc_column_text][vc_separator color=&#8220;violet&#8220; border_width=&#8220;3&#8243;][vc_column_text]\n[\/vc_column_text][\/vc_column][\/vc_row][vc_row dt_bg_repeat=&#8220;repeat-y&#8220; dt_text_scheme=&#8220;lighter-overlay&#8220; dt_row_type=&#8220;in_container&#8220;][vc_column width=&#8220;1\/6&#8243;][vc_column_text]\n[\/vc_column_text][\/vc_column][vc_column width=&#8220;1\/3&#8243;][vc_gallery interval=&#8220;3&#8243; images=&#8220;3265,3264,3262&#8243; img_size=&#8220;medium&#8220;][\/vc_column][vc_column width=&#8220;1\/3&#8243;][vc_column_text]<strong>Scubatec<br \/>\n<\/strong><\/p>\n<ul>\n<li>membrangesteuerte balancierte 1. Stufe F40 mit 2. Stufe FX3<\/li>\n<li>300 bar tauglich<\/li>\n<li>2. Stufe balanciert, regelbar und venturigesteuert<\/li>\n<li>4 MD-Ports, 2 HD-Ports<\/li>\n<li><strong>239,00 \u20ac<br \/>\n<\/strong><\/li>\n<\/ul>\n[\/vc_column_text][\/vc_column][vc_column width=&#8220;1\/6&#8243;][vc_column_text]\n[\/vc_column_text][\/vc_column][\/vc_row][vc_row][vc_column][vc_column_text]\n[\/vc_column_text][vc_separator color=&#8220;violet&#8220; border_width=&#8220;3&#8243;][vc_column_text]\n[\/vc_column_text][\/vc_column][\/vc_row][vc_row dt_bg_repeat=&#8220;repeat-y&#8220; dt_text_scheme=&#8220;lighter-overlay&#8220; dt_row_type=&#8220;in_container&#8220;][vc_column width=&#8220;1\/6&#8243;][vc_column_text]\n[\/vc_column_text][\/vc_column][vc_column width=&#8220;1\/3&#8243;][vc_single_image image=&#8220;3630&#8243; img_size=&#8220;medium&#8220; alignment=&#8220;center&#8220;][\/vc_column][vc_column width=&#8220;1\/3&#8243;][vc_column_text]<strong>Seac Sub Tech Inflator (K)<br \/>\n<\/strong><\/p>\n<ul>\n<li>robuster, gut in der Hand liegender K-Inflator<\/li>\n<li>Faltenschlauch optional<\/li>\n<li>Neuware<\/li>\n<li><strong>59,00 \u20ac<br \/>\n<\/strong><\/li>\n<\/ul>\n[\/vc_column_text][\/vc_column][vc_column width=&#8220;1\/6&#8243;][vc_column_text]\n[\/vc_column_text][\/vc_column][\/vc_row][vc_row][vc_column][vc_column_text]\n[\/vc_column_text][vc_separator color=&#8220;violet&#8220; border_width=&#8220;3&#8243;][vc_column_text]\n[\/vc_column_text][\/vc_column][\/vc_row][vc_row dt_bg_repeat=&#8220;repeat-y&#8220; dt_text_scheme=&#8220;lighter-overlay&#8220; dt_row_type=&#8220;in_container&#8220;][vc_column width=&#8220;1\/6&#8243;][vc_column_text]\n[\/vc_column_text][\/vc_column][vc_column width=&#8220;1\/3&#8243;][vc_gallery interval=&#8220;3&#8243; images=&#8220;3249,3251,3250&#8243; img_size=&#8220;medium&#8220;][\/vc_column][vc_column width=&#8220;1\/3&#8243;][vc_column_text]<strong>Jacket AP Valves Buddy Commando<\/strong><\/p>\n<ul>\n<li>mega robustes ADV-Jacket, zweischalig, Au\u00dfenh\u00fclle Cordura, Innenblase Polyurethan<\/li>\n<li>2 extra gro\u00dfe Taschen mit RV<\/li>\n<li>Gr. L<\/li>\n<li>Neuware, Ausstellungsst\u00fcck, unbenutzt<\/li>\n<li>ausgestattet mit AP Valves Inflator (Buddy Auto Air optional verf\u00fcgbar)<\/li>\n<li>Neupreis 899,- EUR<\/li>\n<li><strong>Angebotspreis 249,-\u20ac<\/strong><\/li>\n<\/ul>\n[\/vc_column_text][\/vc_column][vc_column width=&#8220;1\/6&#8243;][vc_column_text]\n[\/vc_column_text][\/vc_column][\/vc_row]\n","protected":false},"excerpt":{"rendered":"<p>[vc_row][vc_column][vc_column_text] Kein klassischer Onlineshop&#8230; aber vielleicht genau das Richtige f\u00fcr Dich! &nbsp; F\u00fcr Schn\u00e4ppchen, Besonderheiten und Einzelst\u00fccke solltest Du regelm\u00e4\u00dfig einen Blick auf diese Seite werfen. Die Produkte sind neu&#8230;<\/p>\n","protected":false},"author":2,"featured_media":0,"parent":0,"menu_order":0,"comment_status":"closed","ping_status":"closed","template":"","meta":[],"_links":{"self":[{"href":"https:\/\/www.ivans-dive-team.de\/de\/wp-json\/wp\/v2\/pages\/2949"}],"collection":[{"href":"https:\/\/www.ivans-dive-team.de\/de\/wp-json\/wp\/v2\/pages"}],"about":[{"href":"https:\/\/www.ivans-dive-team.de\/de\/wp-json\/wp\/v2\/types\/page"}],"author":[{"embeddable":true,"href":"https:\/\/www.ivans-dive-team.de\/de\/wp-json\/wp\/v2\/users\/2"}],"replies":[{"embeddable":true,"href":"https:\/\/www.ivans-dive-team.de\/de\/wp-json\/wp\/v2\/comments?post=2949"}],"version-history":[{"count":138,"href":"https:\/\/www.ivans-dive-team.de\/de\/wp-json\/wp\/v2\/pages\/2949\/revisions"}],"predecessor-version":[{"id":5737,"href":"https:\/\/www.ivans-dive-team.de\/de\/wp-json\/wp\/v2\/pages\/2949\/revisions\/5737"}],"wp:attachment":[{"href":"https:\/\/www.ivans-dive-team.de\/de\/wp-json\/wp\/v2\/media?parent=2949"}],"curies":[{"name":"wp","href":"https:\/\/api.w.org\/{rel}","templated":true}]}}