{"id":3514,"date":"2021-12-04T13:34:34","date_gmt":"2021-12-04T12:34:34","guid":{"rendered":"https:\/\/www.ivans-dive-team.de\/de\/?page_id=3514"},"modified":"2023-02-18T13:11:29","modified_gmt":"2023-02-18T12:11:29","slug":"wunschliste","status":"publish","type":"page","link":"https:\/\/www.ivans-dive-team.de\/de\/wunschliste\/","title":{"rendered":"Wunschlisten Service"},"content":{"rendered":"[vc_row][vc_column][vc_column_text]\n<h1 style=\"text-align: center;\"><span style=\"color: #333333;\">Wunschlisten-Service<\/span><\/h1>\n<h3 style=\"text-align: center;\"><span style=\"color: #333333;\"><strong>Deine W\u00fcnsche haben was mit Tauchen zu tun?<\/strong><\/span><br \/>\n<span style=\"color: #333333;\"><strong> Dann sprich uns an.<\/strong><\/span><\/h3>\n<p style=\"text-align: center;\"><span style=\"color: #333333;\">Wir erstellen mit Dir zusammen Deinen pers\u00f6nlichen Wunschzettel.<\/span><br \/>\n<span style=\"color: #333333;\">Deine Liebsten kommen zu uns und entscheiden anhand Deiner Wunschliste, was sie Dir schenken.<\/span><\/p>\n<p style=\"text-align: center;\"><span style=\"color: #333333;\">Entstanden ist dieser Service &#8211; nat\u00fcrlich &#8211; \u00fcber die Weihnachtszeit.<br \/>\nJetzt erweitern wir dieses An<\/span><span style=\"color: #333333;\">gebot auf das ganze Jahr!<\/span><\/p>\n[\/vc_column_text][\/vc_column][\/vc_row][vc_row full_width=&#8220;stretch_row_content&#8220; awb_type=&#8220;image&#8220; awb_image_background_position=&#8220;50% 50%&#8220; awb_parallax=&#8220;scroll&#8220; awb_parallax_speed=&#8220;0.5&#8243; awb_image=&#8220;4215&#8243;][vc_column width=&#8220;1\/6&#8243;][vc_column_text]\n[\/vc_column_text][\/vc_column][vc_column width=&#8220;2\/3&#8243;][vc_column_text css=&#8220;.vc_custom_1676722189450{padding-top: 20px !important;padding-bottom: 20px !important;}&#8220;]\n<p>&nbsp;<\/p>\n<p>&nbsp;<\/p>\n<p>&nbsp;<\/p>\n<p>&nbsp;<\/p>\n[\/vc_column_text][\/vc_column][vc_column width=&#8220;1\/6&#8243;][vc_column_text]\n[\/vc_column_text][\/vc_column][\/vc_row][vc_row][vc_column][vc_empty_space][\/vc_column][\/vc_row][vc_row dt_bg_repeat=&#8220;no-repeat&#8220; dt_text_scheme=&#8220;darker-overlay&#8220; dt_row_type=&#8220;fullwidth&#8220; dt_color_opacity=&#8220;50&#8243; dt_padding_top=&#8220;50&#8243; dt_padding_bottom=&#8220;20&#8243; bg_image=&#8220;3513&#8243; bg_color=&#8220;#000000&#8243;][vc_column width=&#8220;1\/6&#8243;][vc_column_text]\n[\/vc_column_text][\/vc_column][vc_column width=&#8220;1\/3&#8243;][vc_column_text]<strong>Wie l\u00e4uft der Wunschlisten-Service ab?<\/strong><\/p>\n<ol>\n<li>Du kommst bei uns im Shop vorbei, rufst an, schreibst uns eine E-Mail oder nutzt unsere Social Media Kan\u00e4le um Deine konkreten W\u00fcnsche bei uns abzugeben.<br \/>\nSolltest Du noch nicht ganz genau wissen, welches Modell Dir besser gef\u00e4llt oder was f\u00fcr Deine Bed\u00fcrfnisse das passende Produkt ist, beraten wir Dich gerne.<br \/>\nDu kannst jederzeit Deine Wunschliste anpassen und wir geben acht, dass aus unserem Hause nichts doppelt bei Dir ankommt.<\/li>\n<li>Kommt dann die allj\u00e4hrlichen Fragen wie &#8222;Und was w\u00fcnsch Du Dir?&#8220;, &#8222;Womit kann ich Dir eine Freude machen?&#8220;, &#8222;Du hast schon so viel Tauchequipment und -zubeh\u00f6r &#8211; was kannst Du noch gut gebrauchen?&#8220; kannst Du gezielt antworten &#8222;<strong>Melde Dich bei Ivan&#8217;s Dive Team, die wissen Bescheid.<\/strong>&#8222;<\/li>\n<li>Deine Liebsten kommen zu uns, m\u00fcssen sich lediglich zwischen Deinen konkret ausgesuchten Artikeln entscheiden und machen Dir mit Sicherheit das richtige Geschenk!<\/li>\n<\/ol>\n[\/vc_column_text][\/vc_column][vc_column width=&#8220;1\/3&#8243;][vc_column_text]<strong>Nimm Kontakt zu uns auf:<\/strong><br \/>\nStadtweg 63<br \/>\nD-49086 Osnabr\u00fcck<br \/>\nTelefon: +49 541 38 80 02<br \/>\nWhatsApp: +49 541 38 80 16<br \/>\nE-Mail: <a href=\"mailto: juergen@ivans-dive-team.de\">shop@ivans-dive-team.de<\/a><br \/>\nFacebook: <a href=\"https:\/\/www.facebook.com\/ivansdiveteam\">www.facebook.de\/ivansdiveteam<\/a><br \/>\nInstagram: <a href=\"https:\/\/www.instagram.com\/ivans_dive_team\">ivans_dive_team<\/a>[\/vc_column_text]\n<div class=\"wpcf7 no-js\" id=\"wpcf7-f4-o1\" lang=\"de-DE\" dir=\"ltr\">\n<div class=\"screen-reader-response\"><p role=\"status\" aria-live=\"polite\" aria-atomic=\"true\"><\/p> <ul><\/ul><\/div>\n<form action=\"\/de\/wp-json\/wp\/v2\/pages\/3514#wpcf7-f4-o1\" method=\"post\" class=\"wpcf7-form init\" aria-label=\"Kontaktformular\" novalidate=\"novalidate\" data-status=\"init\">\n<div style=\"display: none;\">\n<input type=\"hidden\" name=\"_wpcf7\" value=\"4\" \/>\n<input type=\"hidden\" name=\"_wpcf7_version\" value=\"5.7.3\" \/>\n<input type=\"hidden\" name=\"_wpcf7_locale\" value=\"de_DE\" \/>\n<input type=\"hidden\" name=\"_wpcf7_unit_tag\" value=\"wpcf7-f4-o1\" \/>\n<input type=\"hidden\" name=\"_wpcf7_container_post\" value=\"0\" \/>\n<input type=\"hidden\" name=\"_wpcf7_posted_data_hash\" value=\"\" \/>\n<\/div>\n<p>Ich interessiere mich f\u00fcr folgende Angebote\n<\/p>\n<p><span class=\"wpcf7-form-control-wrap\" data-name=\"Angebote\"><select class=\"wpcf7-form-control wpcf7-select wpcf7-validates-as-required\" aria-required=\"true\" aria-invalid=\"false\" name=\"Angebote\"><option value=\"Schnuppertauchen\/Auffrischungskurs\">Schnuppertauchen\/Auffrischungskurs<\/option><option value=\"Beginner Tauchkurs\">Beginner Tauchkurs<\/option><option value=\"Fortgeschrittene und weiterf\u00fchrende Tauchkurse\">Fortgeschrittene und weiterf\u00fchrende Tauchkurse<\/option><option value=\"Freediving\">Freediving<\/option><option value=\"Reisen\">Reisen<\/option><option value=\"Relaqua \u00ae\">Relaqua \u00ae<\/option><option value=\"Tauchbedarf\">Tauchbedarf<\/option><option value=\"Wartungsarbeiten\/Revisionen\/T\u00dcV\">Wartungsarbeiten\/Revisionen\/T\u00dcV<\/option><option value=\"Gutscheine\/Wunschlisten-Service\">Gutscheine\/Wunschlisten-Service<\/option><option value=\"Sonstiges\">Sonstiges<\/option><\/select><\/span>\n<\/p>\n<p><span class=\"wpcf7-form-control-wrap\" data-name=\"your-name\"><input size=\"40\" class=\"wpcf7-form-control wpcf7-text wpcf7-validates-as-required\" aria-required=\"true\" aria-invalid=\"false\" placeholder=\"Name*\" value=\"\" type=\"text\" name=\"your-name\" \/><\/span>\n<\/p>\n<p><span class=\"wpcf7-form-control-wrap\" data-name=\"your-email\"><input size=\"40\" class=\"wpcf7-form-control wpcf7-text wpcf7-email wpcf7-validates-as-required wpcf7-validates-as-email\" aria-required=\"true\" aria-invalid=\"false\" placeholder=\"E-Mail*\" value=\"\" type=\"email\" name=\"your-email\" \/><\/span>\n<\/p>\n<p><span class=\"wpcf7-form-control-wrap\" data-name=\"your-telephon\"><input size=\"40\" class=\"wpcf7-form-control wpcf7-text\" aria-invalid=\"false\" placeholder=\"Telefonnummer\" value=\"\" type=\"text\" name=\"your-telephon\" \/><\/span>\n<\/p>\n<p><span class=\"wpcf7-form-control-wrap\" data-name=\"your-message\"><textarea cols=\"40\" rows=\"10\" class=\"wpcf7-form-control wpcf7-textarea wpcf7-validates-as-required\" aria-required=\"true\" aria-invalid=\"false\" placeholder=\"Nachricht*\" name=\"your-message\"><\/textarea><\/span>\n<\/p>\n<p>* Pflichtfeld\n<\/p>\n<p><span id=\"wpcf7-69fb2c7070c9a-wrapper\" class=\"wpcf7-form-control-wrap Website-wrap\" style=\"display:none !important; visibility:hidden !important;\"><label for=\"wpcf7-69fb2c7070c9a-field\" class=\"hp-message\">Bitte lasse dieses Feld leer.<\/label><input id=\"wpcf7-69fb2c7070c9a-field\"  class=\"wpcf7-form-control wpcf7-text\" type=\"text\" name=\"Website\" value=\"\" size=\"40\" tabindex=\"-1\" autocomplete=\"new-password\" \/><\/span>\n<\/p>\n<p><input class=\"wpcf7-form-control has-spinner wpcf7-submit\" type=\"submit\" value=\"Senden\" \/>\n<\/p><input type='hidden' class='wpcf7-pum' value='{\"closepopup\":false,\"closedelay\":0,\"openpopup\":false,\"openpopup_id\":0}' \/><div class=\"wpcf7-response-output\" aria-hidden=\"true\"><\/div>\n<\/form>\n<\/div>\n[\/vc_column][vc_column width=&#8220;1\/6&#8243;][vc_column_text]\n[\/vc_column_text][\/vc_column][\/vc_row]\n","protected":false},"excerpt":{"rendered":"<p>[vc_row][vc_column][vc_column_text] Wunschlisten-Service Deine W\u00fcnsche haben was mit Tauchen zu tun? Dann sprich uns an. Wir erstellen mit Dir zusammen Deinen pers\u00f6nlichen Wunschzettel. Deine Liebsten kommen zu uns und entscheiden anhand&#8230;<\/p>\n","protected":false},"author":2,"featured_media":0,"parent":0,"menu_order":0,"comment_status":"closed","ping_status":"closed","template":"","meta":[],"_links":{"self":[{"href":"https:\/\/www.ivans-dive-team.de\/de\/wp-json\/wp\/v2\/pages\/3514"}],"collection":[{"href":"https:\/\/www.ivans-dive-team.de\/de\/wp-json\/wp\/v2\/pages"}],"about":[{"href":"https:\/\/www.ivans-dive-team.de\/de\/wp-json\/wp\/v2\/types\/page"}],"author":[{"embeddable":true,"href":"https:\/\/www.ivans-dive-team.de\/de\/wp-json\/wp\/v2\/users\/2"}],"replies":[{"embeddable":true,"href":"https:\/\/www.ivans-dive-team.de\/de\/wp-json\/wp\/v2\/comments?post=3514"}],"version-history":[{"count":23,"href":"https:\/\/www.ivans-dive-team.de\/de\/wp-json\/wp\/v2\/pages\/3514\/revisions"}],"predecessor-version":[{"id":4227,"href":"https:\/\/www.ivans-dive-team.de\/de\/wp-json\/wp\/v2\/pages\/3514\/revisions\/4227"}],"wp:attachment":[{"href":"https:\/\/www.ivans-dive-team.de\/de\/wp-json\/wp\/v2\/media?parent=3514"}],"curies":[{"name":"wp","href":"https:\/\/api.w.org\/{rel}","templated":true}]}}