{"id":4734,"date":"2024-04-11T18:12:58","date_gmt":"2024-04-11T16:12:58","guid":{"rendered":"https:\/\/www.ivans-dive-team.de\/de\/?page_id=4734"},"modified":"2024-04-11T18:13:44","modified_gmt":"2024-04-11T16:13:44","slug":"mexiko-2024","status":"publish","type":"page","link":"https:\/\/www.ivans-dive-team.de\/de\/galerien\/mexiko-2024\/","title":{"rendered":"Mexiko 2024"},"content":{"rendered":"[vc_row][vc_column][\/vc_column][\/vc_row][vc_row][vc_column width=&#8220;1\/6&#8243;][\/vc_column][vc_column width=&#8220;2\/3&#8243;][vc_column_text]\n<h1 style=\"text-align: center;\">Mexiko 2024<\/h1>\n<h3 style=\"text-align: center;\">Gruppenreise mit J\u00fcrgen &amp; Kathi<br \/>\nins karibische Nass, zu alten Steinen und gr\u00fcnen Pflanzen.<\/h3>\n<h5 style=\"text-align: center;\">Cozumel &#8211; Rundreise Yucatan &#8211; Playa Del Carmen<\/h5>\n<p style=\"text-align: center;\">Der\u00a0 Fokus lag bei dieser ganz besonderen Tour unter anderem auf der mexikanischen Kultur und Historie. Neben Maya-Kultst\u00e4tten wie Chich\u00e9n Itz\u00e1 und Tulum haben wir\u00a0 Cenoten abseits des Massentourismus besucht und belebte St\u00e4dte wie Valladolid und M\u00e9rida erlebt.<br \/>\nNat\u00fcrlich haben wir auch den ein oder anderen Tauchgang gemacht &#8211; wir sind schlie\u00dflich Taucher:innen \ud83d\ude09<\/p>\n[\/vc_column_text][\/vc_column][vc_column width=&#8220;1\/6&#8243;][\/vc_column][\/vc_row][vc_row][vc_column][vc_empty_space height=&#8220;30px&#8220;][\/vc_column][\/vc_row][vc_row][vc_column width=&#8220;1\/6&#8243;][\/vc_column][vc_column width=&#8220;2\/3&#8243;][vc_gallery type=&#8220;image_grid&#8220; images=&#8220;4722,4697,4699,4710,4726,4706,4727,4709,4725,4708,4695,4724,4696,4717,4707,4694,4713,4718,4715,4714,4698,4731,4721,4702,4716,4730,4729,4728,4701,4704,4705,4720,4719,4703,4723,4700,4711,4732&#8243;][\/vc_column][vc_column width=&#8220;1\/6&#8243;][\/vc_column][\/vc_row][vc_row][vc_column][vc_column_text]\n<h6 style=\"text-align: center;\">Vielen Dank f\u00fcr das zur Verf\u00fcgung stellen der Fotos!<\/h6>\n[\/vc_column_text][\/vc_column][\/vc_row]\n","protected":false},"excerpt":{"rendered":"<p>[vc_row][vc_column][\/vc_column][\/vc_row][vc_row][vc_column width=&#8220;1\/6&#8243;][\/vc_column][vc_column width=&#8220;2\/3&#8243;][vc_column_text] Mexiko 2024 Gruppenreise mit J\u00fcrgen &amp; Kathi ins karibische Nass, zu alten Steinen und gr\u00fcnen Pflanzen. Cozumel &#8211; Rundreise Yucatan &#8211; Playa Del Carmen Der\u00a0 Fokus lag&#8230;<\/p>\n","protected":false},"author":2,"featured_media":0,"parent":123,"menu_order":0,"comment_status":"closed","ping_status":"closed","template":"","meta":[],"_links":{"self":[{"href":"https:\/\/www.ivans-dive-team.de\/de\/wp-json\/wp\/v2\/pages\/4734"}],"collection":[{"href":"https:\/\/www.ivans-dive-team.de\/de\/wp-json\/wp\/v2\/pages"}],"about":[{"href":"https:\/\/www.ivans-dive-team.de\/de\/wp-json\/wp\/v2\/types\/page"}],"author":[{"embeddable":true,"href":"https:\/\/www.ivans-dive-team.de\/de\/wp-json\/wp\/v2\/users\/2"}],"replies":[{"embeddable":true,"href":"https:\/\/www.ivans-dive-team.de\/de\/wp-json\/wp\/v2\/comments?post=4734"}],"version-history":[{"count":7,"href":"https:\/\/www.ivans-dive-team.de\/de\/wp-json\/wp\/v2\/pages\/4734\/revisions"}],"predecessor-version":[{"id":4741,"href":"https:\/\/www.ivans-dive-team.de\/de\/wp-json\/wp\/v2\/pages\/4734\/revisions\/4741"}],"up":[{"embeddable":true,"href":"https:\/\/www.ivans-dive-team.de\/de\/wp-json\/wp\/v2\/pages\/123"}],"wp:attachment":[{"href":"https:\/\/www.ivans-dive-team.de\/de\/wp-json\/wp\/v2\/media?parent=4734"}],"curies":[{"name":"wp","href":"https:\/\/api.w.org\/{rel}","templated":true}]}}