{"id":476,"date":"2016-03-23T11:40:07","date_gmt":"2016-03-23T10:40:07","guid":{"rendered":"http:\/\/www.ivans-dive-team.de\/de\/?page_id=476"},"modified":"2026-03-18T16:01:23","modified_gmt":"2026-03-18T15:01:23","slug":"downloads","status":"publish","type":"page","link":"https:\/\/www.ivans-dive-team.de\/de\/kontakt\/downloads\/","title":{"rendered":"Downloads"},"content":{"rendered":"[vc_row][vc_column width=&#8220;1\/6&#8243;][vc_column_text]\n[\/vc_column_text][\/vc_column][vc_column width=&#8220;2\/3&#8243;][vc_column_text]\n<h1 style=\"text-align: center;\">Downloads<\/h1>\n<h3 style=\"text-align: center;\">Hier findest Du wichtige Informationen und Anmeldeformulare zum Download.<\/h3>\n<p style=\"text-align: center;\">Zum Lesen der Dateien ben\u00f6tigst Du einen PDF-Reader, z.B. den Acrobat-Reader.<br \/>\nDieser ist kostenlos auf der Website von <a href=\"http:\/\/www.adobe.com\/de\/products\/acrobat\/readermain.html\" target=\"_blank\" rel=\"noopener\"> Adobe<\/a> erh\u00e4ltlich.<\/p>\n[\/vc_column_text][vc_column_text]\n<table border=\"0\" width=\"996\">\n<tbody>\n<tr>\n<td rowspan=\"5\" width=\"25%\">\n<p align=\"center\">Preislisten<\/p>\n<\/td>\n<\/tr>\n<tr>\n<td width=\"74%\"><a href=\"https:\/\/www.ivans-dive-team.de\/de\/wp-content\/uploads\/2026\/03\/Preisliste_Academy_032026.pdf\" target=\"_blank\" rel=\"noopener\">Preisliste Kurse &amp; Lehrmaterial<\/a><br \/>\n<a href=\"https:\/\/www.ivans-dive-team.de\/de\/wp-content\/uploads\/2026\/03\/Preisliste_Service_03-2026.pdf\" target=\"_blank\" rel=\"noopener\">Preisliste Service &amp; Werkstattleistungen<\/a><\/td>\n<\/tr>\n<\/tbody>\n<\/table>\n<table border=\"0\" width=\"996\">\n<tbody>\n<tr>\n<td rowspan=\"12\" width=\"25%\">\n<p align=\"center\">Anmeldeformulare &amp; Infos<br \/>\nf\u00fcr Relaqua, Tauchangebote und Freediving mit Ivan&#8217;s Dive Team<br \/>\nin Deutschland<\/p>\n<\/td>\n<td width=\"74%\"><a href=\"https:\/\/www.ivans-dive-team.de\/de\/wp-content\/uploads\/2026\/01\/H2O_Merkblatt-Anmeldung_Relaqua.pdf\" target=\"_blank\" rel=\"noopener\">Anmeldung Relaqua\u00ae<\/a><\/td>\n<\/tr>\n<tr>\n<td width=\"74%\"><a href=\"https:\/\/www.ivans-dive-team.de\/de\/wp-content\/uploads\/2026\/01\/H2O_Merkblatt-Anmeldung_Schnuppern.pdf\" target=\"_blank\" rel=\"noopener\">Anmeldung Schnuppertauchen<\/a><\/td>\n<\/tr>\n<tr>\n<td width=\"74%\"><a href=\"https:\/\/www.ivans-dive-team.de\/de\/wp-content\/uploads\/2026\/01\/H2O_Merkblatt-Anmeldung_Schnuppern-Apnoe.pdf\" target=\"_blank\" rel=\"noopener\">Anmeldung Freedive-Schnuppertauchen<\/a><\/td>\n<\/tr>\n<tr>\n<td width=\"74%\"><a href=\"https:\/\/www.ivans-dive-team.de\/de\/wp-content\/uploads\/2026\/02\/H2O_Merkblatt-Anmeldung_ScubaUpdate_Medizincheck.pdf\" target=\"_blank\" rel=\"noopener\">Anmeldung Scuba-Update (Auffrischungskurs)<\/a><\/td>\n<\/tr>\n<tr>\n<td width=\"74%\"><a href=\"https:\/\/www.ivans-dive-team.de\/de\/wp-content\/uploads\/2025\/05\/Anmeldung_IvansDiveTeam_Tauchkurs.pdf\" target=\"_blank\" rel=\"noopener\">Anmeldung Beginner-Tauchkurs<\/a><\/td>\n<\/tr>\n<tr>\n<td width=\"74%\"><a href=\"https:\/\/www.ivans-dive-team.de\/de\/wp-content\/uploads\/2025\/05\/Anmeldung_IvansDiveTeam_Specialty.pdf\" target=\"_blank\" rel=\"noopener\">Anmeldung weiterf\u00fchrender Kurs (Specialty)<\/a><\/td>\n<\/tr>\n<tr>\n<td width=\"74%\"><a href=\"https:\/\/www.ivans-dive-team.de\/de\/wp-content\/uploads\/2025\/05\/Anmeldung_IvansDiveTeam_Freediving.pdf\">Anmeldung Freedive Kurs (SSI)<\/a><\/td>\n<\/tr>\n<\/tbody>\n<\/table>\n<table border=\"0\" width=\"996\">\n<tbody>\n<tr>\n<td rowspan=\"0\" width=\"25%\">\n<p align=\"center\">Sonstiges und N\u00fctzliches<\/p>\n<\/td>\n<\/tr>\n<tr>\n<td width=\"74%\"><a href=\"http:\/\/www.ivans-dive-team.de\/de\/wp-content\/uploads\/2016\/03\/Erste_Hilfe.pdf\" target=\"_blank\" rel=\"noopener\"> Wie leiste ich Erste Hilfe?<\/a><\/td>\n<\/tr>\n<tr>\n<td width=\"74%\"><a href=\"http:\/\/www.ivans-dive-team.de\/de\/wp-content\/uploads\/2016\/03\/Schlaganfall.pdf\" target=\"_blank\" rel=\"noopener\"> Schlaganfall &#8211; was tun?<\/a><\/td>\n<\/tr>\n<tr>\n<td width=\"74%\"><a href=\"https:\/\/www.ivans-dive-team.de\/de\/wp-content\/uploads\/2023\/05\/Medizin-Check_v22.pdf\" target=\"_blank\" rel=\"noopener\">Medizinischer Fragebogen<\/a><\/td>\n<\/tr>\n<tr>\n<td width=\"74%\"><a href=\"http:\/\/www.ivans-dive-team.de\/de\/wp-content\/uploads\/2016\/03\/Aequivalenzliste.pdf\" target=\"_blank\" rel=\"noopener\"> \u00c4quivalenz\u00fcbersicht der international anerkannten Tauchsportverb\u00e4nde<\/a><\/td>\n<\/tr>\n<tr>\n<td width=\"74%\"><a href=\"http:\/\/www.ivans-dive-team.de\/de\/wp-content\/uploads\/2016\/03\/Das-ungewollte-Hochtreiben-der-Beine.pdf\" target=\"_blank\" rel=\"noopener\"> Das ungewollte Hochtreiben der Beine<\/a><\/td>\n<\/tr>\n<tr>\n<td width=\"74%\"><a href=\"http:\/\/www.ivans-dive-team.de\/de\/wp-content\/uploads\/2016\/03\/MOD-u.-EAD-Tabelle.pdf\" target=\"_blank\" rel=\"noopener\"> MOD und EAD-Tabelle<\/a><\/td>\n<\/tr>\n<tr>\n<td width=\"74%\"><a href=\"http:\/\/www.ivans-dive-team.de\/de\/wp-content\/uploads\/2016\/03\/Notfall-Flow.pdf\" target=\"_blank\" rel=\"noopener\">Was tun in einem Notfall?<\/a><\/td>\n<\/tr>\n<tr>\n<td width=\"74%\"><a href=\"http:\/\/www.ivans-dive-team.de\/de\/wp-content\/uploads\/2016\/03\/Sauerstoffuhr.pdf\" target=\"_blank\" rel=\"noopener\">Sauerstoffuhr &#8211; CNS Tabelle nach NOAA<\/a><\/td>\n<\/tr>\n<tr>\n<td width=\"74%\"><a href=\"http:\/\/www.ivans-dive-team.de\/de\/wp-content\/uploads\/2016\/03\/Torfmoorseetext.pdf\" target=\"_blank\" rel=\"noopener\"> Torfmoorseetext<\/a><\/td>\n<\/tr>\n<tr>\n<td width=\"74%\"><a href=\"http:\/\/www.ivans-dive-team.de\/de\/wp-content\/uploads\/2016\/03\/Tauchtauglich.pdf\" target=\"_blank\" rel=\"noopener\"> Tauchtauglichkeit<\/a><\/td>\n<\/tr>\n<tr>\n<td width=\"74%\"><a href=\"https:\/\/www.ivans-dive-team.de\/de\/wp-content\/uploads\/2024\/04\/Ausruestungsverleih.pdf\" target=\"_blank\" rel=\"noopener\">Ausr\u00fcstungsverleihpreise<\/a><\/td>\n<\/tr>\n<tr>\n<td width=\"74%\"><a href=\"http:\/\/www.ivans-dive-team.de\/de\/wp-content\/uploads\/2016\/03\/Anfahrtskizze-H2O.pdf\" target=\"_blank\" rel=\"noopener\"> Anfahrtsskizze H2O<\/a><\/td>\n<\/tr>\n<tr>\n<td width=\"74%\"><a href=\"http:\/\/www.ivans-dive-team.de\/de\/wp-content\/uploads\/2016\/03\/Anfahrtskizze.pdf\" target=\"_blank\" rel=\"noopener\"> Anfahrtsskizze Ivan&#8217;s Dive Team<\/a><\/td>\n<\/tr>\n<tr>\n<td width=\"74%\"><a href=\"https:\/\/www.ivans-dive-team.de\/de\/wp-content\/uploads\/2024\/05\/IvansDiveTeam_AGB_052024.pdf\">Allgemeine Gesch\u00e4ftsbedingungen (Stand Mai 2024)<\/a><\/td>\n<\/tr>\n<\/tbody>\n<\/table>\n<div id=\"gtx-trans\" style=\"position: absolute; left: 255px; top: 311px;\"><\/div>\n[\/vc_column_text][\/vc_column][vc_column width=&#8220;1\/6&#8243;][vc_column_text]\n[\/vc_column_text][\/vc_column][\/vc_row]\n","protected":false},"excerpt":{"rendered":"<p>[vc_row][vc_column width=&#8220;1\/6&#8243;][vc_column_text] [\/vc_column_text][\/vc_column][vc_column width=&#8220;2\/3&#8243;][vc_column_text] Downloads Hier findest Du wichtige Informationen und Anmeldeformulare zum Download. Zum Lesen der Dateien ben\u00f6tigst Du einen PDF-Reader, z.B. den Acrobat-Reader. Dieser ist kostenlos auf der&#8230;<\/p>\n","protected":false},"author":1,"featured_media":0,"parent":121,"menu_order":0,"comment_status":"closed","ping_status":"closed","template":"","meta":[],"_links":{"self":[{"href":"https:\/\/www.ivans-dive-team.de\/de\/wp-json\/wp\/v2\/pages\/476"}],"collection":[{"href":"https:\/\/www.ivans-dive-team.de\/de\/wp-json\/wp\/v2\/pages"}],"about":[{"href":"https:\/\/www.ivans-dive-team.de\/de\/wp-json\/wp\/v2\/types\/page"}],"author":[{"embeddable":true,"href":"https:\/\/www.ivans-dive-team.de\/de\/wp-json\/wp\/v2\/users\/1"}],"replies":[{"embeddable":true,"href":"https:\/\/www.ivans-dive-team.de\/de\/wp-json\/wp\/v2\/comments?post=476"}],"version-history":[{"count":91,"href":"https:\/\/www.ivans-dive-team.de\/de\/wp-json\/wp\/v2\/pages\/476\/revisions"}],"predecessor-version":[{"id":5770,"href":"https:\/\/www.ivans-dive-team.de\/de\/wp-json\/wp\/v2\/pages\/476\/revisions\/5770"}],"up":[{"embeddable":true,"href":"https:\/\/www.ivans-dive-team.de\/de\/wp-json\/wp\/v2\/pages\/121"}],"wp:attachment":[{"href":"https:\/\/www.ivans-dive-team.de\/de\/wp-json\/wp\/v2\/media?parent=476"}],"curies":[{"name":"wp","href":"https:\/\/api.w.org\/{rel}","templated":true}]}}