{"id":5356,"date":"2025-06-25T16:17:26","date_gmt":"2025-06-25T14:17:26","guid":{"rendered":"https:\/\/www.ivans-dive-team.de\/de\/?page_id=5356"},"modified":"2025-12-19T15:23:50","modified_gmt":"2025-12-19T14:23:50","slug":"palau-2025","status":"publish","type":"page","link":"https:\/\/www.ivans-dive-team.de\/de\/galerien\/palau-2025\/","title":{"rendered":"Palau 2025"},"content":{"rendered":"[vc_row][vc_column][vc_column_text]\n<h1 style=\"text-align: center;\">Palau 2025<\/h1>\n<h3 style=\"text-align: center;\" data-start=\"241\" data-end=\"312\"><strong data-start=\"245\" data-end=\"310\">Momente lassen sich festhalten \u2013 Erlebnisse muss man erleben<\/strong><\/h3>\n<p style=\"text-align: center;\" data-start=\"313\" data-end=\"545\">Fotos bewahren einen Augenblick, ein L\u00e4cheln, einen Blick.<br data-start=\"371\" data-end=\"374\" \/>Doch sie k\u00f6nnen nicht einfangen, was wirklich z\u00e4hlt: die Atmosph\u00e4re, das gemeinsame Lachen, die Geschichten hinter dem Bild.<br data-start=\"500\" data-end=\"503\" \/><strong data-start=\"503\" data-end=\"545\">Deine Chance beim n\u00e4chsten Mal \u2013 erlebe es live!<\/strong><\/p>\n<p style=\"text-align: center;\"><a href=\"https:\/\/www.ivans-dive-team.de\/de\/tauchreisen\/\">Hier klicken f\u00fcr mehr Infos<\/a><\/p>\n[\/vc_column_text][\/vc_column][\/vc_row][vc_row][vc_column][vc_empty_space][\/vc_column][\/vc_row][vc_row][vc_column width=&#8220;1\/6&#8243;][\/vc_column][vc_column width=&#8220;2\/3&#8243;][vc_gallery type=&#8220;image_grid&#8220; images=&#8220;5310,5306,5354,5344,5345,5346,5316,5337,5342,5341,5340,5339,5338,5336,5335,5334,5333,5332,5331,5330,5329,5328,5327,5326,5325,5324,5323,5314,5313,5315,5312,5309,5304,5302,5303,5311,5307,5305,5353,5351,5347,5348,5321,5322,5308,5319,5349,5350,5317,5352,5320,5355&#8243; img_size=&#8220;150 x 150&#8243;][\/vc_column][vc_column width=&#8220;1\/6&#8243;][\/vc_column][\/vc_row]\n","protected":false},"excerpt":{"rendered":"<p>[vc_row][vc_column][vc_column_text] Palau 2025 Momente lassen sich festhalten \u2013 Erlebnisse muss man erleben Fotos bewahren einen Augenblick, ein L\u00e4cheln, einen Blick.Doch sie k\u00f6nnen nicht einfangen, was wirklich z\u00e4hlt: die Atmosph\u00e4re, das&#8230;<\/p>\n","protected":false},"author":2,"featured_media":0,"parent":123,"menu_order":0,"comment_status":"closed","ping_status":"closed","template":"","meta":[],"_links":{"self":[{"href":"https:\/\/www.ivans-dive-team.de\/de\/wp-json\/wp\/v2\/pages\/5356"}],"collection":[{"href":"https:\/\/www.ivans-dive-team.de\/de\/wp-json\/wp\/v2\/pages"}],"about":[{"href":"https:\/\/www.ivans-dive-team.de\/de\/wp-json\/wp\/v2\/types\/page"}],"author":[{"embeddable":true,"href":"https:\/\/www.ivans-dive-team.de\/de\/wp-json\/wp\/v2\/users\/2"}],"replies":[{"embeddable":true,"href":"https:\/\/www.ivans-dive-team.de\/de\/wp-json\/wp\/v2\/comments?post=5356"}],"version-history":[{"count":3,"href":"https:\/\/www.ivans-dive-team.de\/de\/wp-json\/wp\/v2\/pages\/5356\/revisions"}],"predecessor-version":[{"id":5646,"href":"https:\/\/www.ivans-dive-team.de\/de\/wp-json\/wp\/v2\/pages\/5356\/revisions\/5646"}],"up":[{"embeddable":true,"href":"https:\/\/www.ivans-dive-team.de\/de\/wp-json\/wp\/v2\/pages\/123"}],"wp:attachment":[{"href":"https:\/\/www.ivans-dive-team.de\/de\/wp-json\/wp\/v2\/media?parent=5356"}],"curies":[{"name":"wp","href":"https:\/\/api.w.org\/{rel}","templated":true}]}}