{"id":8,"date":"2016-03-21T09:27:09","date_gmt":"2016-03-21T08:27:09","guid":{"rendered":"http:\/\/www.ivans-dive-team.de\/de\/?page_id=8"},"modified":"2026-04-11T11:39:56","modified_gmt":"2026-04-11T09:39:56","slug":"startseite","status":"publish","type":"page","link":"https:\/\/www.ivans-dive-team.de\/de\/","title":{"rendered":"Home"},"content":{"rendered":"[vc_row][vc_column][rev_slider_vc alias=&#8220;Startseite_2&#8243;][vc_column_text]\n[\/vc_column_text][\/vc_column][\/vc_row][vc_row][vc_column width=&#8220;1\/4&#8243;][\/vc_column][vc_column width=&#8220;1\/2&#8243;][vc_column_text]\n[\/vc_column_text][vc_column_text]\n<h2 style=\"text-align: center;\">Aktuelles<\/h2>\n<p style=\"text-align: center;\" data-start=\"138\" data-end=\"354\">Noch unentschlossen, wohin es Dich diesen Herbst zieht?<br data-start=\"193\" data-end=\"196\" \/>Schlie\u00dfe Dich unserer <strong>begleiteten Gruppenreise nach \u00c4gypten (El Gouna)<\/strong> an.<br \/>\nDie Reise ist ausgelegt f\u00fcr <strong data-start=\"378\" data-end=\"422\">Taucher:innen aller Erfahrungsstufen<\/strong><br \/>\nebenso wie f\u00fcr <b>Nichttaucher:innen, <\/b>da wir auch abseits des Hotels in sicherer Umgebung viel erleben k\u00f6nnen.<\/p>\n<p style=\"text-align: center;\" data-start=\"1030\" data-end=\"1140\">Hier klicken um die <a href=\"https:\/\/www.ivans-dive-team.de\/de\/wp-content\/uploads\/2026\/04\/Reiseausschreibung_Aegypten_0926.pdf\" target=\"_blank\" rel=\"noopener\">Reiseausschreibung<\/a> zu sehen.<br \/>\nF\u00fcr R\u00fcckfragen und\/oder direkte Buchungsanfragen stehen wir pers\u00f6nlich, telefonisch und<br \/>\nnat\u00fcrlich \u00fcber E-Mail gerne zur Verf\u00fcgung.<\/p>\n[\/vc_column_text][\/vc_column][vc_column width=&#8220;1\/4&#8243;][vc_column_text]\n[\/vc_column_text][\/vc_column][\/vc_row][vc_row full_width=&#8220;stretch_row&#8220; awb_type=&#8220;image&#8220; awb_image_background_position=&#8220;50% 50%&#8220; awb_parallax=&#8220;scroll&#8220; awb_parallax_speed=&#8220;0.5&#8243; bg_image=&#8220;94&#8243; dt_bg_repeat=&#8220;repeat-y&#8220; dt_text_scheme=&#8220;darker-overlay&#8220; dt_row_type=&#8220;fullwidth&#8220; bg_color=&#8220;#020202&#8243; dt_padding_top=&#8220;20&#8243; dt_padding_bottom=&#8220;20&#8243; dt_color_opacity=&#8220;50&#8243; css=&#8220;.vc_custom_1676124501369{background-color: #020202 !important;background-position: center !important;background-repeat: no-repeat !important;background-size: cover !important;}&#8220; awb_image=&#8220;4167&#8243;][vc_column][vc_column_text css=&#8220;.vc_custom_1775899636434{padding-top: 60px !important;padding-bottom: 60px !important;}&#8220; el_class=&#8220;whitetext&#8220;]\n<h2 style=\"text-align: center;\">Unsere kommenden Veranstaltungen<\/h2>\n<h3 style=\"text-align: center;\"><strong>N\u00e4chster vakanter Termin f\u00fcr<\/strong><\/h3>\n<p style=\"text-align: center;\">Schnuppertauchen Try Scuba: Fr., 17.04.2026<br \/>\n<span style=\"text-decoration: underline;\"><span style=\"color: #ffffff;\"><a style=\"color: #ffffff; text-decoration: underline;\" href=\"https:\/\/www.ivans-dive-team.de\/de\/kontakt\/\"><span style=\"color: #ffffff; text-decoration: underline;\">bitte anmelden<\/span><br \/>\n<\/a><\/span><\/span><\/p>\n<p style=\"text-align: center;\">Auffrischungskurs: Fr., 24.04.2026<br \/>\n<span style=\"text-decoration: underline;\"><span style=\"color: #ffffff;\"><a style=\"color: #ffffff; text-decoration: underline;\" href=\"https:\/\/www.ivans-dive-team.de\/de\/kontakt\/\"><span style=\"color: #ffffff; text-decoration: underline;\">bitte anmelden<\/span><\/a><\/span><\/span><\/p>\n<p style=\"text-align: center;\">Schnupper-Session FREEDIVING: Fr., 15.05.2026<br \/>\n<span style=\"text-decoration: underline;\"><span style=\"color: #ffffff;\"><a style=\"color: #ffffff; text-decoration: underline;\" href=\"https:\/\/www.ivans-dive-team.de\/de\/kontakt\/\"><span style=\"color: #ffffff; text-decoration: underline;\">bitte anmelden<\/span><\/a><\/span><\/span><\/p>\n<p style=\"text-align: center;\">Relaqua: Fr., 22.05.2026<br \/>\n<span style=\"text-decoration: underline;\"><span style=\"color: #ffffff;\"><a style=\"color: #ffffff; text-decoration: underline;\" href=\"https:\/\/www.ivans-dive-team.de\/de\/kontakt\/\"><span style=\"color: #ffffff; text-decoration: underline;\">bitte anmelden<\/span><\/a><\/span><\/span><\/p>\n<p style=\"text-align: center;\"><a href=\"https:\/\/www.ivans-dive-team.de\/de\/termine\/\"><strong>Weitere Kurse<\/strong><\/a><\/p>\n[\/vc_column_text][\/vc_column][\/vc_row]\n","protected":false},"excerpt":{"rendered":"<p>[vc_row][vc_column][rev_slider_vc alias=&#8220;Startseite_2&#8243;][vc_column_text] [\/vc_column_text][\/vc_column][\/vc_row][vc_row][vc_column width=&#8220;1\/4&#8243;][\/vc_column][vc_column width=&#8220;1\/2&#8243;][vc_column_text] [\/vc_column_text][vc_column_text] Aktuelles Noch unentschlossen, wohin es Dich diesen Herbst zieht?Schlie\u00dfe Dich unserer begleiteten Gruppenreise nach \u00c4gypten (El Gouna) an. Die Reise ist ausgelegt f\u00fcr Taucher:innen&#8230;<\/p>\n","protected":false},"author":1,"featured_media":0,"parent":0,"menu_order":0,"comment_status":"closed","ping_status":"closed","template":"","meta":[],"_links":{"self":[{"href":"https:\/\/www.ivans-dive-team.de\/de\/wp-json\/wp\/v2\/pages\/8"}],"collection":[{"href":"https:\/\/www.ivans-dive-team.de\/de\/wp-json\/wp\/v2\/pages"}],"about":[{"href":"https:\/\/www.ivans-dive-team.de\/de\/wp-json\/wp\/v2\/types\/page"}],"author":[{"embeddable":true,"href":"https:\/\/www.ivans-dive-team.de\/de\/wp-json\/wp\/v2\/users\/1"}],"replies":[{"embeddable":true,"href":"https:\/\/www.ivans-dive-team.de\/de\/wp-json\/wp\/v2\/comments?post=8"}],"version-history":[{"count":883,"href":"https:\/\/www.ivans-dive-team.de\/de\/wp-json\/wp\/v2\/pages\/8\/revisions"}],"predecessor-version":[{"id":5781,"href":"https:\/\/www.ivans-dive-team.de\/de\/wp-json\/wp\/v2\/pages\/8\/revisions\/5781"}],"wp:attachment":[{"href":"https:\/\/www.ivans-dive-team.de\/de\/wp-json\/wp\/v2\/media?parent=8"}],"curies":[{"name":"wp","href":"https:\/\/api.w.org\/{rel}","templated":true}]}}